{"id":6816,"date":"2019-10-05T10:56:12","date_gmt":"2019-10-05T07:56:12","guid":{"rendered":"https:\/\/tightline.ee\/?post_type=product&#038;p=6816"},"modified":"2025-02-26T19:18:57","modified_gmt":"2025-02-26T17:18:57","slug":"brass-monster-conehead-assortmend","status":"publish","type":"product","link":"https:\/\/tightline.ee\/et\/toode\/brass-monster-conehead-assortmend\/","title":{"rendered":"Brass Monster Conehead Assortmend"},"content":{"rendered":"<p>Brass Monster Coneheads on kena ja lihtne viis anda oma k\u00e4rbestele viimistlus. Ehitatud kuju t\u00f5ttu n\u00e4eb k\u00e4rbse pehme tiib &#8220;koletise koonuse&#8221; j\u00e4etud turbulanges &#8220;elusana&#8221; v\u00e4lja.<\/p>\n<p>Suuruse laius: 11,5 mm, keskmise suurusega laius: 9 mm.<\/p>\n<p>12 tk \/ pakk.<\/p>\n<p>&nbsp;<\/p>\n<p>&nbsp;<\/p>","protected":false},"excerpt":{"rendered":"<p>Brass Monster Coneheads on kena ja lihtne viis anda oma k\u00e4rbestele viimistlus. Ehitatud kuju t\u00f5ttu n\u00e4eb k\u00e4rbse pehme tiib &#8220;koletise<\/p>\n","protected":false},"featured_media":6821,"template":"","meta":[],"pwb-brand":[462],"product_cat":[162],"product_tag":[1158,1350,1484],"class_list":{"0":"post-6816","1":"product","2":"type-product","3":"status-publish","4":"has-post-thumbnail","6":"pwb-brand-eumer","7":"product_cat-eyes-headsbeads","8":"product_tag-brass","9":"product_tag-heads","10":"product_tag-monster","12":"first","13":"instock","14":"sale","15":"taxable","16":"shipping-taxable","17":"purchasable","18":"product-type-variable"},"jetpack_sharing_enabled":true,"brands":[{"id":462,"name":"Eumer","slug":"eumer"}],"_links":{"self":[{"href":"https:\/\/tightline.ee\/et\/wp-json\/wp\/v2\/product\/6816","targetHints":{"allow":["GET"]}}],"collection":[{"href":"https:\/\/tightline.ee\/et\/wp-json\/wp\/v2\/product"}],"about":[{"href":"https:\/\/tightline.ee\/et\/wp-json\/wp\/v2\/types\/product"}],"wp:featuredmedia":[{"embeddable":true,"href":"https:\/\/tightline.ee\/et\/wp-json\/wp\/v2\/media\/6821"}],"wp:attachment":[{"href":"https:\/\/tightline.ee\/et\/wp-json\/wp\/v2\/media?parent=6816"}],"wp:term":[{"taxonomy":"pwb-brand","embeddable":true,"href":"https:\/\/tightline.ee\/et\/wp-json\/wp\/v2\/pwb-brand?post=6816"},{"taxonomy":"product_cat","embeddable":true,"href":"https:\/\/tightline.ee\/et\/wp-json\/wp\/v2\/product_cat?post=6816"},{"taxonomy":"product_tag","embeddable":true,"href":"https:\/\/tightline.ee\/et\/wp-json\/wp\/v2\/product_tag?post=6816"}],"curies":[{"name":"wp","href":"https:\/\/api.w.org\/{rel}","templated":true}]}}