{"id":6755,"date":"2019-10-04T16:55:04","date_gmt":"2019-10-04T13:55:04","guid":{"rendered":"https:\/\/tightline.ee\/?post_type=product&#038;p=6755"},"modified":"2020-03-01T12:43:58","modified_gmt":"2020-03-01T10:43:58","slug":"fish-skull-crawbody","status":"publish","type":"product","link":"https:\/\/tightline.ee\/et\/toode\/fish-skull-crawbody\/","title":{"rendered":"Fish-Skull CrawBody"},"content":{"rendered":"<p>&nbsp;<\/p>\n<p>Need j\u00f5ev\u00e4hi eksoskeletid on valmistatud peaaegu h\u00e4vimatust, \u00fclikergest s\u00fcnteetilisest seemisnahast, mida ei saa maha hammustada, ei hakka kokku t\u00f5mbama ja mis annab m\u00e4rjalt elutruu tekstuuri ja liikumise. Iga seemisnahast keha on t\u00e4ppislaserl\u00f5igatud, muutes k\u00f5ik 100% identsed ja v\u00f5imaldades peeneid detaile.<\/p>\n<p>Kogus pakis: 8<\/p>\n<p><img loading=\"lazy\" decoding=\"async\" class=\"alignnone size-medium wp-image-6760\" src=\"https:\/\/tightline.ee\/wp-content\/uploads\/2019\/10\/Craw-Body-Flies-300x300.jpg\" alt=\"\" width=\"300\" height=\"300\" srcset=\"https:\/\/tightline.ee\/wp-content\/uploads\/2019\/10\/Craw-Body-Flies-300x300.jpg 300w, https:\/\/tightline.ee\/wp-content\/uploads\/2019\/10\/Craw-Body-Flies-150x150.jpg 150w, https:\/\/tightline.ee\/wp-content\/uploads\/2019\/10\/Craw-Body-Flies.jpg 500w\" sizes=\"auto, (max-width: 300px) 100vw, 300px\" \/><\/p>\n<p>&nbsp;<\/p>","protected":false},"excerpt":{"rendered":"<p>&nbsp; Need j\u00f5ev\u00e4hi eksoskeletid on valmistatud peaaegu h\u00e4vimatust, \u00fclikergest s\u00fcnteetilisest seemisnahast, mida ei saa maha hammustada, ei hakka kokku t\u00f5mbama<\/p>\n","protected":false},"featured_media":6761,"template":"","meta":[],"pwb-brand":[1349],"product_cat":[162],"product_tag":[1353,1351,1352,1350],"class_list":{"0":"post-6755","1":"product","2":"type-product","3":"status-publish","4":"has-post-thumbnail","6":"pwb-brand-flymen","7":"product_cat-eyes-headsbeads","8":"product_tag-baitfish","9":"product_tag-fish-skull","10":"product_tag-flymen","11":"product_tag-heads","13":"first","14":"instock","15":"sale","16":"taxable","17":"shipping-taxable","18":"purchasable","19":"product-type-variable"},"jetpack_sharing_enabled":true,"brands":[{"id":1349,"name":"Flymen","slug":"flymen"}],"_links":{"self":[{"href":"https:\/\/tightline.ee\/et\/wp-json\/wp\/v2\/product\/6755","targetHints":{"allow":["GET"]}}],"collection":[{"href":"https:\/\/tightline.ee\/et\/wp-json\/wp\/v2\/product"}],"about":[{"href":"https:\/\/tightline.ee\/et\/wp-json\/wp\/v2\/types\/product"}],"wp:featuredmedia":[{"embeddable":true,"href":"https:\/\/tightline.ee\/et\/wp-json\/wp\/v2\/media\/6761"}],"wp:attachment":[{"href":"https:\/\/tightline.ee\/et\/wp-json\/wp\/v2\/media?parent=6755"}],"wp:term":[{"taxonomy":"pwb-brand","embeddable":true,"href":"https:\/\/tightline.ee\/et\/wp-json\/wp\/v2\/pwb-brand?post=6755"},{"taxonomy":"product_cat","embeddable":true,"href":"https:\/\/tightline.ee\/et\/wp-json\/wp\/v2\/product_cat?post=6755"},{"taxonomy":"product_tag","embeddable":true,"href":"https:\/\/tightline.ee\/et\/wp-json\/wp\/v2\/product_tag?post=6755"}],"curies":[{"name":"wp","href":"https:\/\/api.w.org\/{rel}","templated":true}]}}