{"id":6727,"date":"2019-10-04T16:08:55","date_gmt":"2019-10-04T13:08:55","guid":{"rendered":"https:\/\/tightline.ee\/?post_type=product&#038;p=6727"},"modified":"2020-03-01T14:50:09","modified_gmt":"2020-03-01T12:50:09","slug":"fish-skull-sculpin-helmet","status":"publish","type":"product","link":"https:\/\/tightline.ee\/et\/toode\/fish-skull-sculpin-helmet\/","title":{"rendered":"Fish Skull Sculpin Helmet"},"content":{"rendered":"<p>\u00dclim raskekaaluline pea s\u00fcgava ujumise, konksuga streamerite jaoks.<\/p>\n<p>Siduda realistlike, lamedate ja laia profiiliga raskekujulised striimid; see on t\u00e4iuslik j\u00e4ljendus tavalistele p\u00f5hjas elavatele kalaliikidele, n\u00e4iteks skulptuuridele, kitsedele ja imikutele. M\u00f5eldud kasutamiseks nii konksu kui ka torukanalitel, on Sculpini kiivril kaalutud kiil, mis hoiab teie streameeri ujumise haake \u00fcles ja hoiab \u00e4ra haakumise.<\/p>\n<p>Kogus pakis: 8<\/p>\n<p><img loading=\"lazy\" decoding=\"async\" class=\"alignnone size-medium wp-image-6738\" src=\"https:\/\/tightline.ee\/wp-content\/uploads\/2019\/10\/Sculpin-Helmet-Flies-300x300.jpg\" alt=\"\" width=\"300\" height=\"300\" srcset=\"https:\/\/tightline.ee\/wp-content\/uploads\/2019\/10\/Sculpin-Helmet-Flies-300x300.jpg 300w, https:\/\/tightline.ee\/wp-content\/uploads\/2019\/10\/Sculpin-Helmet-Flies-150x150.jpg 150w, https:\/\/tightline.ee\/wp-content\/uploads\/2019\/10\/Sculpin-Helmet-Flies.jpg 500w\" sizes=\"auto, (max-width: 300px) 100vw, 300px\" \/><\/p>","protected":false},"excerpt":{"rendered":"<p>\u00dclim raskekaaluline pea s\u00fcgava ujumise, konksuga streamerite jaoks. Siduda realistlike, lamedate ja laia profiiliga raskekujulised striimid; see on t\u00e4iuslik j\u00e4ljendus<\/p>\n","protected":false},"featured_media":6739,"template":"","meta":[],"pwb-brand":[1349],"product_cat":[162],"product_tag":[1353,1351,1352,1350],"class_list":{"0":"post-6727","1":"product","2":"type-product","3":"status-publish","4":"has-post-thumbnail","6":"pwb-brand-flymen","7":"product_cat-eyes-headsbeads","8":"product_tag-baitfish","9":"product_tag-fish-skull","10":"product_tag-flymen","11":"product_tag-heads","13":"first","14":"instock","15":"taxable","16":"shipping-taxable","17":"purchasable","18":"product-type-variable"},"jetpack_sharing_enabled":true,"brands":[{"id":1349,"name":"Flymen","slug":"flymen"}],"_links":{"self":[{"href":"https:\/\/tightline.ee\/et\/wp-json\/wp\/v2\/product\/6727","targetHints":{"allow":["GET"]}}],"collection":[{"href":"https:\/\/tightline.ee\/et\/wp-json\/wp\/v2\/product"}],"about":[{"href":"https:\/\/tightline.ee\/et\/wp-json\/wp\/v2\/types\/product"}],"wp:featuredmedia":[{"embeddable":true,"href":"https:\/\/tightline.ee\/et\/wp-json\/wp\/v2\/media\/6739"}],"wp:attachment":[{"href":"https:\/\/tightline.ee\/et\/wp-json\/wp\/v2\/media?parent=6727"}],"wp:term":[{"taxonomy":"pwb-brand","embeddable":true,"href":"https:\/\/tightline.ee\/et\/wp-json\/wp\/v2\/pwb-brand?post=6727"},{"taxonomy":"product_cat","embeddable":true,"href":"https:\/\/tightline.ee\/et\/wp-json\/wp\/v2\/product_cat?post=6727"},{"taxonomy":"product_tag","embeddable":true,"href":"https:\/\/tightline.ee\/et\/wp-json\/wp\/v2\/product_tag?post=6727"}],"curies":[{"name":"wp","href":"https:\/\/api.w.org\/{rel}","templated":true}]}}