{"id":6643,"date":"2019-10-04T13:28:54","date_gmt":"2019-10-04T10:28:54","guid":{"rendered":"https:\/\/tightline.ee\/?post_type=product&#038;p=6643"},"modified":"2025-03-10T14:18:44","modified_gmt":"2025-03-10T12:18:44","slug":"3d-flat-eyes","status":"publish","type":"product","link":"https:\/\/tightline.ee\/et\/toode\/3d-flat-eyes\/","title":{"rendered":"3D &#038; Flat Eyes"},"content":{"rendered":"<p>Silmadel on kleepuv alus, kuid soovitame kasutada Super Glue, epoksiidi v\u00f5i Clear Cure Goo, et need kindlalt oma k\u00e4rbse k\u00fclge kleepida.<\/p>","protected":false},"excerpt":{"rendered":"<p>Silmadel on kleepuv alus, kuid soovitame kasutada Super Glue, epoksiidi v\u00f5i Clear Cure Goo, et need kindlalt oma k\u00e4rbse k\u00fclge<\/p>\n","protected":false},"featured_media":6667,"template":"","meta":[],"pwb-brand":[1396,998,1397,367],"product_cat":[162],"product_tag":[1376,1350],"class_list":{"0":"post-6643","1":"product","2":"type-product","3":"status-publish","4":"has-post-thumbnail","6":"pwb-brand-funky","7":"pwb-brand-h2o","8":"pwb-brand-hends","9":"pwb-brand-wapsi","10":"product_cat-eyes-headsbeads","11":"product_tag-eyes","12":"product_tag-heads","14":"first","15":"instock","16":"taxable","17":"shipping-taxable","18":"purchasable","19":"product-type-variable"},"jetpack_sharing_enabled":true,"brands":[{"id":1396,"name":"Funky","slug":"funky"},{"id":998,"name":"H2O","slug":"h2o"},{"id":1397,"name":"Hends","slug":"hends"},{"id":367,"name":"Wapsi","slug":"wapsi"}],"_links":{"self":[{"href":"https:\/\/tightline.ee\/et\/wp-json\/wp\/v2\/product\/6643","targetHints":{"allow":["GET"]}}],"collection":[{"href":"https:\/\/tightline.ee\/et\/wp-json\/wp\/v2\/product"}],"about":[{"href":"https:\/\/tightline.ee\/et\/wp-json\/wp\/v2\/types\/product"}],"wp:featuredmedia":[{"embeddable":true,"href":"https:\/\/tightline.ee\/et\/wp-json\/wp\/v2\/media\/6667"}],"wp:attachment":[{"href":"https:\/\/tightline.ee\/et\/wp-json\/wp\/v2\/media?parent=6643"}],"wp:term":[{"taxonomy":"pwb-brand","embeddable":true,"href":"https:\/\/tightline.ee\/et\/wp-json\/wp\/v2\/pwb-brand?post=6643"},{"taxonomy":"product_cat","embeddable":true,"href":"https:\/\/tightline.ee\/et\/wp-json\/wp\/v2\/product_cat?post=6643"},{"taxonomy":"product_tag","embeddable":true,"href":"https:\/\/tightline.ee\/et\/wp-json\/wp\/v2\/product_tag?post=6643"}],"curies":[{"name":"wp","href":"https:\/\/api.w.org\/{rel}","templated":true}]}}