{"id":6569,"date":"2019-10-04T10:00:07","date_gmt":"2019-10-04T07:00:07","guid":{"rendered":"https:\/\/tightline.ee\/?post_type=product&#038;p=6569"},"modified":"2024-05-31T18:02:45","modified_gmt":"2024-05-31T15:02:45","slug":"fish-skull-living-eyes","status":"publish","type":"product","link":"https:\/\/tightline.ee\/et\/toode\/fish-skull-living-eyes\/","title":{"rendered":"Fish-Skull Living Eyes"},"content":{"rendered":"<p>See fotoreaalse holograafilise tehnoloogia ja t\u00f5eliste s\u00f6\u00f6dasilmade suure eraldusv\u00f5imega piltide kujunduses sisalduv laiaulatuslik k\u00e4rbseseenesilmade valik sisaldab v\u00e4rve ja suurusi, mis sobivad k\u00f5igega, alates v\u00e4iksematest forellimustritest kuni tohutute kiskjate stiilis k\u00e4rbesteni.<\/p>\n<p>Kogus pakis: 3 mm &#8211; 7 mm (20); 8,5 mm &#8211; 10 mm (16); 15 mm (12)<\/p>\n<p>Elavatel silmadel on kleepuv alus, kuid soovitame kasutada Super Glue, epoksiidi v\u00f5i Clear Cure Goo, et need kindlalt oma k\u00e4rbse k\u00fclge kleepida.<\/p>","protected":false},"excerpt":{"rendered":"<p>See fotoreaalse holograafilise tehnoloogia ja t\u00f5eliste s\u00f6\u00f6dasilmade suure eraldusv\u00f5imega piltide kujunduses sisalduv laiaulatuslik k\u00e4rbseseenesilmade valik sisaldab v\u00e4rve ja suurusi, mis<\/p>\n","protected":false},"featured_media":6580,"template":"","meta":[],"pwb-brand":[1349],"product_cat":[162],"product_tag":[1376,1352,1350,1377],"class_list":{"0":"post-6569","1":"product","2":"type-product","3":"status-publish","4":"has-post-thumbnail","6":"pwb-brand-flymen","7":"product_cat-eyes-headsbeads","8":"product_tag-eyes","9":"product_tag-flymen","10":"product_tag-heads","11":"product_tag-living-eyes","13":"first","14":"instock","15":"taxable","16":"shipping-taxable","17":"purchasable","18":"product-type-variable"},"jetpack_sharing_enabled":true,"brands":[{"id":1349,"name":"Flymen","slug":"flymen"}],"_links":{"self":[{"href":"https:\/\/tightline.ee\/et\/wp-json\/wp\/v2\/product\/6569","targetHints":{"allow":["GET"]}}],"collection":[{"href":"https:\/\/tightline.ee\/et\/wp-json\/wp\/v2\/product"}],"about":[{"href":"https:\/\/tightline.ee\/et\/wp-json\/wp\/v2\/types\/product"}],"wp:featuredmedia":[{"embeddable":true,"href":"https:\/\/tightline.ee\/et\/wp-json\/wp\/v2\/media\/6580"}],"wp:attachment":[{"href":"https:\/\/tightline.ee\/et\/wp-json\/wp\/v2\/media?parent=6569"}],"wp:term":[{"taxonomy":"pwb-brand","embeddable":true,"href":"https:\/\/tightline.ee\/et\/wp-json\/wp\/v2\/pwb-brand?post=6569"},{"taxonomy":"product_cat","embeddable":true,"href":"https:\/\/tightline.ee\/et\/wp-json\/wp\/v2\/product_cat?post=6569"},{"taxonomy":"product_tag","embeddable":true,"href":"https:\/\/tightline.ee\/et\/wp-json\/wp\/v2\/product_tag?post=6569"}],"curies":[{"name":"wp","href":"https:\/\/api.w.org\/{rel}","templated":true}]}}