{"id":6555,"date":"2019-10-03T22:19:31","date_gmt":"2019-10-03T19:19:31","guid":{"rendered":"https:\/\/tightline.ee\/?post_type=product&#038;p=6555"},"modified":"2019-10-03T22:38:07","modified_gmt":"2019-10-03T19:38:07","slug":"fish-skull-baitfish-heads-dark-grey","status":"publish","type":"product","link":"https:\/\/tightline.ee\/et\/toode\/fish-skull-baitfish-heads-dark-grey\/","title":{"rendered":"Fish Skull Baitfish Heads"},"content":{"rendered":"<p>Baitfish Head on kaalutud pea, millel on realistlik s\u00f6\u00f6dakala profiil ja ainulaadsed disainifunktsioonid, mis muudavad selle mitmek\u00fclgseks platvormiks mitmesuguste striimamustrite sidumiseks. Kiire ja h\u00f5lbus sidumine, see murranguline uuendus k\u00e4rbeste sidumisel pakub p\u00f5nevat alternatiivi hantlite v\u00f5i koonuste kasutamiseks oma v\u00f6\u00f6tmetes. Komplektis sobivad kala-kolju elavad silmad on pakendis koos peadega.<\/p>\n<p>Kogus pakendis: v\u00e4ike (10); V\u00e4ike \/ keskmine, keskmine (8); Suur (6)<\/p>\n<p><img loading=\"lazy\" decoding=\"async\" class=\"alignnone size-medium wp-image-6542\" src=\"https:\/\/tightline.ee\/wp-content\/uploads\/2019\/10\/Baitfish-Head-Flies--300x300.jpg\" alt=\"\" width=\"300\" height=\"300\" srcset=\"https:\/\/tightline.ee\/wp-content\/uploads\/2019\/10\/Baitfish-Head-Flies--300x300.jpg 300w, https:\/\/tightline.ee\/wp-content\/uploads\/2019\/10\/Baitfish-Head-Flies--150x150.jpg 150w, https:\/\/tightline.ee\/wp-content\/uploads\/2019\/10\/Baitfish-Head-Flies--600x600.jpg 600w, https:\/\/tightline.ee\/wp-content\/uploads\/2019\/10\/Baitfish-Head-Flies--768x768.jpg 768w, https:\/\/tightline.ee\/wp-content\/uploads\/2019\/10\/Baitfish-Head-Flies-.jpg 800w\" sizes=\"auto, (max-width: 300px) 100vw, 300px\" \/><\/p>","protected":false},"excerpt":{"rendered":"<p>Baitfish Head on kaalutud pea, millel on realistlik s\u00f6\u00f6dakala profiil ja ainulaadsed disainifunktsioonid, mis muudavad selle mitmek\u00fclgseks platvormiks mitmesuguste striimamustrite<\/p>\n","protected":false},"featured_media":6535,"template":"","meta":[],"pwb-brand":[1349],"product_cat":[162],"product_tag":[1353,1351,1352,1350],"class_list":{"0":"post-6555","1":"product","2":"type-product","3":"status-publish","4":"has-post-thumbnail","6":"pwb-brand-flymen","7":"product_cat-eyes-headsbeads","8":"product_tag-baitfish","9":"product_tag-fish-skull","10":"product_tag-flymen","11":"product_tag-heads","13":"first","14":"instock","15":"taxable","16":"shipping-taxable","17":"purchasable","18":"product-type-variable"},"jetpack_sharing_enabled":true,"brands":[{"id":1349,"name":"Flymen","slug":"flymen"}],"_links":{"self":[{"href":"https:\/\/tightline.ee\/et\/wp-json\/wp\/v2\/product\/6555","targetHints":{"allow":["GET"]}}],"collection":[{"href":"https:\/\/tightline.ee\/et\/wp-json\/wp\/v2\/product"}],"about":[{"href":"https:\/\/tightline.ee\/et\/wp-json\/wp\/v2\/types\/product"}],"wp:featuredmedia":[{"embeddable":true,"href":"https:\/\/tightline.ee\/et\/wp-json\/wp\/v2\/media\/6535"}],"wp:attachment":[{"href":"https:\/\/tightline.ee\/et\/wp-json\/wp\/v2\/media?parent=6555"}],"wp:term":[{"taxonomy":"pwb-brand","embeddable":true,"href":"https:\/\/tightline.ee\/et\/wp-json\/wp\/v2\/pwb-brand?post=6555"},{"taxonomy":"product_cat","embeddable":true,"href":"https:\/\/tightline.ee\/et\/wp-json\/wp\/v2\/product_cat?post=6555"},{"taxonomy":"product_tag","embeddable":true,"href":"https:\/\/tightline.ee\/et\/wp-json\/wp\/v2\/product_tag?post=6555"}],"curies":[{"name":"wp","href":"https:\/\/api.w.org\/{rel}","templated":true}]}}