{"id":6508,"date":"2019-10-03T18:22:23","date_gmt":"2019-10-03T15:22:23","guid":{"rendered":"https:\/\/tightline.ee\/?post_type=product&#038;p=6508"},"modified":"2025-06-19T10:22:56","modified_gmt":"2025-06-19T07:22:56","slug":"hen","status":"publish","type":"product","link":"https:\/\/tightline.ee\/et\/toode\/hen\/","title":{"rendered":"Hen\/ Kana"},"content":{"rendered":"<p><\/p>\n<div class=\"ng-scope\">\n<p>V\u00e4ga ihaldatud materjal &#8211; sobib suurep\u00e4raselt igat t\u00fc\u00fcpi m\u00e4rgadele k\u00e4rbestele, n\u00fcmfidele.<\/p>\n<\/div>\n<p><\/p>","protected":false},"excerpt":{"rendered":"<p>V\u00e4ga ihaldatud materjal &#8211; sobib suurep\u00e4raselt igat t\u00fc\u00fcpi m\u00e4rgadele k\u00e4rbestele, n\u00fcmfidele.<\/p>\n","protected":false},"featured_media":13682,"template":"","meta":[],"pwb-brand":[1222,1332,367],"product_cat":[1208],"product_tag":[1313,1315,1314,1221,1285,1286,1218],"class_list":{"0":"post-6508","1":"product","2":"type-product","3":"status-publish","4":"has-post-thumbnail","6":"pwb-brand-keough","7":"pwb-brand-metz","8":"pwb-brand-wapsi","9":"product_cat-capes-neck-saddles","10":"product_tag-cape","11":"product_tag-chinese","12":"product_tag-neck","13":"product_tag-rooster","14":"product_tag-saddles","15":"product_tag-strung","16":"product_tag-whiting","18":"first","19":"instock","20":"sale","21":"taxable","22":"shipping-taxable","23":"purchasable","24":"product-type-variable"},"jetpack_sharing_enabled":true,"brands":[{"id":1222,"name":"Keough","slug":"keough"},{"id":1332,"name":"Metz","slug":"metz"},{"id":367,"name":"Wapsi","slug":"wapsi"}],"_links":{"self":[{"href":"https:\/\/tightline.ee\/et\/wp-json\/wp\/v2\/product\/6508","targetHints":{"allow":["GET"]}}],"collection":[{"href":"https:\/\/tightline.ee\/et\/wp-json\/wp\/v2\/product"}],"about":[{"href":"https:\/\/tightline.ee\/et\/wp-json\/wp\/v2\/types\/product"}],"wp:featuredmedia":[{"embeddable":true,"href":"https:\/\/tightline.ee\/et\/wp-json\/wp\/v2\/media\/13682"}],"wp:attachment":[{"href":"https:\/\/tightline.ee\/et\/wp-json\/wp\/v2\/media?parent=6508"}],"wp:term":[{"taxonomy":"pwb-brand","embeddable":true,"href":"https:\/\/tightline.ee\/et\/wp-json\/wp\/v2\/pwb-brand?post=6508"},{"taxonomy":"product_cat","embeddable":true,"href":"https:\/\/tightline.ee\/et\/wp-json\/wp\/v2\/product_cat?post=6508"},{"taxonomy":"product_tag","embeddable":true,"href":"https:\/\/tightline.ee\/et\/wp-json\/wp\/v2\/product_tag?post=6508"}],"curies":[{"name":"wp","href":"https:\/\/api.w.org\/{rel}","templated":true}]}}