{"id":6487,"date":"2019-10-03T17:15:08","date_gmt":"2019-10-03T14:15:08","guid":{"rendered":"https:\/\/tightline.ee\/?post_type=product&#038;p=6487"},"modified":"2022-08-21T19:48:18","modified_gmt":"2022-08-21T16:48:18","slug":"hackle-hook-gauge","status":"publish","type":"product","link":"https:\/\/tightline.ee\/et\/toode\/hackle-hook-gauge\/","title":{"rendered":"Hackle\/Hook Gauge"},"content":{"rendered":"<p>Konksu suuruse m\u00e4\u00e4ramiseks asetage konks m\u00f5\u00f5turi peal n\u00e4idatud konksude k\u00fclge.<\/p>\n<p>See gabariit p\u00f6\u00f6rleb kruustangil vabalt, nii et kui seda ei kasutata, v\u00f5ib see p\u00f6\u00f6rduda teelt v\u00e4lja. See tuvastab \u00f5igesti 4\u201322 hacklingi ja 4\u201316 konksu suuruse.<\/p>","protected":false},"excerpt":{"rendered":"<p>Konksu suuruse m\u00e4\u00e4ramiseks asetage konks m\u00f5\u00f5turi peal n\u00e4idatud konksude k\u00fclge. See gabariit p\u00f6\u00f6rleb kruustangil vabalt, nii et kui seda ei<\/p>\n","protected":false},"featured_media":12549,"template":"","meta":[],"pwb-brand":[1137],"product_cat":[1208],"product_tag":[1313,580,1163,1334,1335,1314],"class_list":{"0":"post-6487","1":"product","2":"type-product","3":"status-publish","4":"has-post-thumbnail","6":"pwb-brand-traun-river","7":"product_cat-capes-neck-saddles","8":"product_tag-cape","9":"product_tag-dry-fly","10":"product_tag-hackle","11":"product_tag-hackle-gauge","12":"product_tag-hook-gauge","13":"product_tag-neck","15":"first","16":"outofstock","17":"taxable","18":"shipping-taxable","19":"purchasable","20":"product-type-simple"},"jetpack_sharing_enabled":true,"brands":[{"id":1137,"name":"Traun River","slug":"traun-river"}],"_links":{"self":[{"href":"https:\/\/tightline.ee\/et\/wp-json\/wp\/v2\/product\/6487","targetHints":{"allow":["GET"]}}],"collection":[{"href":"https:\/\/tightline.ee\/et\/wp-json\/wp\/v2\/product"}],"about":[{"href":"https:\/\/tightline.ee\/et\/wp-json\/wp\/v2\/types\/product"}],"wp:featuredmedia":[{"embeddable":true,"href":"https:\/\/tightline.ee\/et\/wp-json\/wp\/v2\/media\/12549"}],"wp:attachment":[{"href":"https:\/\/tightline.ee\/et\/wp-json\/wp\/v2\/media?parent=6487"}],"wp:term":[{"taxonomy":"pwb-brand","embeddable":true,"href":"https:\/\/tightline.ee\/et\/wp-json\/wp\/v2\/pwb-brand?post=6487"},{"taxonomy":"product_cat","embeddable":true,"href":"https:\/\/tightline.ee\/et\/wp-json\/wp\/v2\/product_cat?post=6487"},{"taxonomy":"product_tag","embeddable":true,"href":"https:\/\/tightline.ee\/et\/wp-json\/wp\/v2\/product_tag?post=6487"}],"curies":[{"name":"wp","href":"https:\/\/api.w.org\/{rel}","templated":true}]}}