{"id":6435,"date":"2019-10-03T15:45:55","date_gmt":"2019-10-03T12:45:55","guid":{"rendered":"https:\/\/tightline.ee\/?post_type=product&#038;p=6435"},"modified":"2025-08-13T13:54:20","modified_gmt":"2025-08-13T10:54:20","slug":"cock-capes-streamer-neck","status":"publish","type":"product","link":"https:\/\/tightline.ee\/et\/toode\/cock-capes-streamer-neck\/","title":{"rendered":"Cock Capes\/Streamer Neck, Saddles"},"content":{"rendered":"<p><\/p>\n<div class=\"ng-scope\">\n<p>M\u00e4rja k\u00e4rbse sidumiseks kasutatakse seda, kuna keebis olevatel sulgedel on j\u00e4igad hambad, mis aitavad vees hoida kuju.<\/p>\n<p>Sobib suurep\u00e4raselt voolikutele, villasele pepule, leosile, l\u00f5hele, bassile, haugile ja merik\u00e4rbestele.<\/p>\n<\/div>\n<p><\/p>","protected":false},"excerpt":{"rendered":"<p>M\u00e4rja k\u00e4rbse sidumiseks kasutatakse seda, kuna keebis olevatel sulgedel on j\u00e4igad hambad, mis aitavad vees hoida kuju. Sobib suurep\u00e4raselt voolikutele,<\/p>\n","protected":false},"featured_media":13675,"template":"","meta":[],"pwb-brand":[394,367,1209],"product_cat":[1208],"product_tag":[1313,1315,1314,1221,1285,1286,1218],"class_list":{"0":"post-6435","1":"product","2":"type-product","3":"status-publish","4":"has-post-thumbnail","6":"pwb-brand-veniard","7":"pwb-brand-wapsi","8":"pwb-brand-whiting","9":"product_cat-capes-neck-saddles","10":"product_tag-cape","11":"product_tag-chinese","12":"product_tag-neck","13":"product_tag-rooster","14":"product_tag-saddles","15":"product_tag-strung","16":"product_tag-whiting","18":"first","19":"instock","20":"taxable","21":"shipping-taxable","22":"purchasable","23":"product-type-variable"},"jetpack_sharing_enabled":true,"brands":[{"id":394,"name":"Veniard","slug":"veniard"},{"id":367,"name":"Wapsi","slug":"wapsi"},{"id":1209,"name":"Whiting","slug":"whiting"}],"_links":{"self":[{"href":"https:\/\/tightline.ee\/et\/wp-json\/wp\/v2\/product\/6435","targetHints":{"allow":["GET"]}}],"collection":[{"href":"https:\/\/tightline.ee\/et\/wp-json\/wp\/v2\/product"}],"about":[{"href":"https:\/\/tightline.ee\/et\/wp-json\/wp\/v2\/types\/product"}],"wp:featuredmedia":[{"embeddable":true,"href":"https:\/\/tightline.ee\/et\/wp-json\/wp\/v2\/media\/13675"}],"wp:attachment":[{"href":"https:\/\/tightline.ee\/et\/wp-json\/wp\/v2\/media?parent=6435"}],"wp:term":[{"taxonomy":"pwb-brand","embeddable":true,"href":"https:\/\/tightline.ee\/et\/wp-json\/wp\/v2\/pwb-brand?post=6435"},{"taxonomy":"product_cat","embeddable":true,"href":"https:\/\/tightline.ee\/et\/wp-json\/wp\/v2\/product_cat?post=6435"},{"taxonomy":"product_tag","embeddable":true,"href":"https:\/\/tightline.ee\/et\/wp-json\/wp\/v2\/product_tag?post=6435"}],"curies":[{"name":"wp","href":"https:\/\/api.w.org\/{rel}","templated":true}]}}