{"id":6385,"date":"2019-10-03T10:54:22","date_gmt":"2019-10-03T07:54:22","guid":{"rendered":"https:\/\/tightline.ee\/?post_type=product&#038;p=6385"},"modified":"2025-08-25T12:37:45","modified_gmt":"2025-08-25T09:37:45","slug":"neck-hackle","status":"publish","type":"product","link":"https:\/\/tightline.ee\/et\/toode\/neck-hackle\/","title":{"rendered":"Neck (Cock) Hackle"},"content":{"rendered":"<p>Wapsi Neck Hackle Strung &#8211; pikad ja laiad haakn\u00f5elad pikkusega 7,5 &#8211; 12,5 cm<br \/>\nPakend sisaldab umbes 7 g.<br \/>\nSobib striimidele, bassikoortele ja soolase veega k\u00e4rbestele.<\/p>\n<p>Veniard Short Cock Hackles &#8211; l\u00fchikesed hackles pikkusega 4-8 cm<\/p>\n<p>Ideaalne v\u00e4iksemate traditsiooniliste k\u00e4rbsemustrite, nii l\u00f5he kui ka forelli jaoks.<\/p>\n<p>Pakend sisaldab 1 v\u00f5i 2 grammi<\/p>","protected":false},"excerpt":{"rendered":"<p>Wapsi Neck Hackle Strung &#8211; pikad ja laiad haakn\u00f5elad pikkusega 7,5 &#8211; 12,5 cm Pakend sisaldab umbes 7 g. Sobib<\/p>\n","protected":false},"featured_media":13678,"template":"","meta":[],"pwb-brand":[394,367],"product_cat":[1208],"product_tag":[1221,1285,1286],"class_list":{"0":"post-6385","1":"product","2":"type-product","3":"status-publish","4":"has-post-thumbnail","6":"pwb-brand-veniard","7":"pwb-brand-wapsi","8":"product_cat-capes-neck-saddles","9":"product_tag-rooster","10":"product_tag-saddles","11":"product_tag-strung","13":"first","14":"instock","15":"taxable","16":"shipping-taxable","17":"purchasable","18":"product-type-variable","19":"has-default-attributes"},"jetpack_sharing_enabled":true,"brands":[{"id":394,"name":"Veniard","slug":"veniard"},{"id":367,"name":"Wapsi","slug":"wapsi"}],"_links":{"self":[{"href":"https:\/\/tightline.ee\/et\/wp-json\/wp\/v2\/product\/6385","targetHints":{"allow":["GET"]}}],"collection":[{"href":"https:\/\/tightline.ee\/et\/wp-json\/wp\/v2\/product"}],"about":[{"href":"https:\/\/tightline.ee\/et\/wp-json\/wp\/v2\/types\/product"}],"wp:featuredmedia":[{"embeddable":true,"href":"https:\/\/tightline.ee\/et\/wp-json\/wp\/v2\/media\/13678"}],"wp:attachment":[{"href":"https:\/\/tightline.ee\/et\/wp-json\/wp\/v2\/media?parent=6385"}],"wp:term":[{"taxonomy":"pwb-brand","embeddable":true,"href":"https:\/\/tightline.ee\/et\/wp-json\/wp\/v2\/pwb-brand?post=6385"},{"taxonomy":"product_cat","embeddable":true,"href":"https:\/\/tightline.ee\/et\/wp-json\/wp\/v2\/product_cat?post=6385"},{"taxonomy":"product_tag","embeddable":true,"href":"https:\/\/tightline.ee\/et\/wp-json\/wp\/v2\/product_tag?post=6385"}],"curies":[{"name":"wp","href":"https:\/\/api.w.org\/{rel}","templated":true}]}}