{"id":6044,"date":"2019-09-28T22:03:15","date_gmt":"2019-09-28T19:03:15","guid":{"rendered":"https:\/\/tightline-ee.vserver.zonevs.eu\/?post_type=product&#038;p=6044"},"modified":"2025-12-14T21:36:54","modified_gmt":"2025-12-14T19:36:54","slug":"strung-marabou","status":"publish","type":"product","link":"https:\/\/tightline.ee\/et\/toode\/strung-marabou\/","title":{"rendered":"Strung Marabou"},"content":{"rendered":"<p>Kalkunimaraboust p\u00e4rit kohevad ploomid on lemmikmaterjal peibutiste, voolikute, damseli ja draakoni k\u00e4rbse n\u00fcmfide, kaanide jne tihendamiseks.<br \/>\nKiud on v\u00e4ga pehmed ja liikuvad, tekitades vee all pulsatsiooni.<\/p>","protected":false},"excerpt":{"rendered":"<p>Kalkunimaraboust p\u00e4rit kohevad ploomid on lemmikmaterjal peibutiste, voolikute, damseli ja draakoni k\u00e4rbse n\u00fcmfide, kaanide jne tihendamiseks. Kiud on v\u00e4ga pehmed<\/p>\n","protected":false},"featured_media":13660,"template":"","meta":[],"pwb-brand":[2407,394,367],"product_cat":[1261],"product_tag":[1229,1262],"class_list":{"0":"post-6044","1":"product","2":"type-product","3":"status-publish","4":"has-post-thumbnail","6":"pwb-brand-future-fly","7":"pwb-brand-veniard","8":"pwb-brand-wapsi","9":"product_cat-marabou","10":"product_tag-marabou","11":"product_tag-wapsy","13":"first","14":"instock","15":"sale","16":"taxable","17":"shipping-taxable","18":"purchasable","19":"product-type-variable"},"jetpack_sharing_enabled":true,"brands":[{"id":2407,"name":"Future Fly","slug":"future-fly"},{"id":394,"name":"Veniard","slug":"veniard"},{"id":367,"name":"Wapsi","slug":"wapsi"}],"_links":{"self":[{"href":"https:\/\/tightline.ee\/et\/wp-json\/wp\/v2\/product\/6044","targetHints":{"allow":["GET"]}}],"collection":[{"href":"https:\/\/tightline.ee\/et\/wp-json\/wp\/v2\/product"}],"about":[{"href":"https:\/\/tightline.ee\/et\/wp-json\/wp\/v2\/types\/product"}],"wp:featuredmedia":[{"embeddable":true,"href":"https:\/\/tightline.ee\/et\/wp-json\/wp\/v2\/media\/13660"}],"wp:attachment":[{"href":"https:\/\/tightline.ee\/et\/wp-json\/wp\/v2\/media?parent=6044"}],"wp:term":[{"taxonomy":"pwb-brand","embeddable":true,"href":"https:\/\/tightline.ee\/et\/wp-json\/wp\/v2\/pwb-brand?post=6044"},{"taxonomy":"product_cat","embeddable":true,"href":"https:\/\/tightline.ee\/et\/wp-json\/wp\/v2\/product_cat?post=6044"},{"taxonomy":"product_tag","embeddable":true,"href":"https:\/\/tightline.ee\/et\/wp-json\/wp\/v2\/product_tag?post=6044"}],"curies":[{"name":"wp","href":"https:\/\/api.w.org\/{rel}","templated":true}]}}