{"id":5994,"date":"2019-09-28T19:47:24","date_gmt":"2019-09-28T16:47:24","guid":{"rendered":"https:\/\/tightline-ee.vserver.zonevs.eu\/?post_type=product&#038;p=5994"},"modified":"2026-01-25T16:37:26","modified_gmt":"2026-01-25T14:37:26","slug":"wooly-bugger-marabou","status":"publish","type":"product","link":"https:\/\/tightline.ee\/et\/toode\/wooly-bugger-marabou\/","title":{"rendered":"Wooly Bugger Marabou"},"content":{"rendered":"<p>Kalkunimaraboust p\u00e4rit kohevad ploomid on lemmikmaterjal peibutiste, voolikute, damseli ja draakoni k\u00e4rbse n\u00fcmfide, kaanide jne tihendamiseks.<br \/>\nKiud on v\u00e4ga pehmed ja liikuvad, tekitades vee all pulsatsiooni.<\/p>","protected":false},"excerpt":{"rendered":"<p>Kalkunimaraboust p\u00e4rit kohevad ploomid on lemmikmaterjal peibutiste, voolikute, damseli ja draakoni k\u00e4rbse n\u00fcmfide, kaanide jne tihendamiseks. Kiud on v\u00e4ga pehmed<\/p>\n","protected":false},"featured_media":13659,"template":"","meta":[],"pwb-brand":[2407,367],"product_cat":[1261],"product_tag":[1229,1262],"class_list":{"0":"post-5994","1":"product","2":"type-product","3":"status-publish","4":"has-post-thumbnail","6":"pwb-brand-future-fly","7":"pwb-brand-wapsi","8":"product_cat-marabou","9":"product_tag-marabou","10":"product_tag-wapsy","12":"first","13":"instock","14":"taxable","15":"shipping-taxable","16":"purchasable","17":"product-type-variable"},"jetpack_sharing_enabled":true,"brands":[{"id":2407,"name":"Future Fly","slug":"future-fly"},{"id":367,"name":"Wapsi","slug":"wapsi"}],"_links":{"self":[{"href":"https:\/\/tightline.ee\/et\/wp-json\/wp\/v2\/product\/5994","targetHints":{"allow":["GET"]}}],"collection":[{"href":"https:\/\/tightline.ee\/et\/wp-json\/wp\/v2\/product"}],"about":[{"href":"https:\/\/tightline.ee\/et\/wp-json\/wp\/v2\/types\/product"}],"wp:featuredmedia":[{"embeddable":true,"href":"https:\/\/tightline.ee\/et\/wp-json\/wp\/v2\/media\/13659"}],"wp:attachment":[{"href":"https:\/\/tightline.ee\/et\/wp-json\/wp\/v2\/media?parent=5994"}],"wp:term":[{"taxonomy":"pwb-brand","embeddable":true,"href":"https:\/\/tightline.ee\/et\/wp-json\/wp\/v2\/pwb-brand?post=5994"},{"taxonomy":"product_cat","embeddable":true,"href":"https:\/\/tightline.ee\/et\/wp-json\/wp\/v2\/product_cat?post=5994"},{"taxonomy":"product_tag","embeddable":true,"href":"https:\/\/tightline.ee\/et\/wp-json\/wp\/v2\/product_tag?post=5994"}],"curies":[{"name":"wp","href":"https:\/\/api.w.org\/{rel}","templated":true}]}}