{"id":5970,"date":"2019-09-28T17:43:30","date_gmt":"2019-09-28T14:43:30","guid":{"rendered":"https:\/\/tightline-ee.vserver.zonevs.eu\/?post_type=product&#038;p=5970"},"modified":"2025-04-21T21:12:25","modified_gmt":"2025-04-21T18:12:25","slug":"whiting-keough-saddle-hackle","status":"publish","type":"product","link":"https:\/\/tightline.ee\/et\/toode\/whiting-keough-saddle-hackle\/","title":{"rendered":"Whiting &#038; Keough Hackle"},"content":{"rendered":"<p>Keough &#8211; pakend sisaldab 12 sulge. Sule pikkus on umbes 20 cm. Konksu pikkus on k\u00f5ige parem konksude korral nr 14-16.<\/p>\n<p>Merlang &#8211; pakend sisaldab piisavalt k\u00e4rge, et siduda 100 k\u00e4rbest! Konksu pikkus on k\u00f5ige parem konksude korral nr 14-16.<\/p>","protected":false},"excerpt":{"rendered":"<p>Keough &#8211; pakend sisaldab 12 sulge. Sule pikkus on umbes 20 cm. Konksu pikkus on k\u00f5ige parem konksude korral nr<\/p>\n","protected":false},"featured_media":13676,"template":"","meta":[],"pwb-brand":[1222,1209],"product_cat":[1208],"product_tag":[1219,580,1163,1223,1221,1220,1218],"class_list":{"0":"post-5970","1":"product","2":"type-product","3":"status-publish","4":"has-post-thumbnail","6":"pwb-brand-keough","7":"pwb-brand-whiting","8":"product_cat-capes-neck-saddles","9":"product_tag-chickabou","10":"product_tag-dry-fly","11":"product_tag-hackle","12":"product_tag-keough","13":"product_tag-rooster","14":"product_tag-saddle","15":"product_tag-whiting","17":"first","18":"instock","19":"sale","20":"taxable","21":"shipping-taxable","22":"purchasable","23":"product-type-variable"},"jetpack_sharing_enabled":true,"brands":[{"id":1222,"name":"Keough","slug":"keough"},{"id":1209,"name":"Whiting","slug":"whiting"}],"_links":{"self":[{"href":"https:\/\/tightline.ee\/et\/wp-json\/wp\/v2\/product\/5970","targetHints":{"allow":["GET"]}}],"collection":[{"href":"https:\/\/tightline.ee\/et\/wp-json\/wp\/v2\/product"}],"about":[{"href":"https:\/\/tightline.ee\/et\/wp-json\/wp\/v2\/types\/product"}],"wp:featuredmedia":[{"embeddable":true,"href":"https:\/\/tightline.ee\/et\/wp-json\/wp\/v2\/media\/13676"}],"wp:attachment":[{"href":"https:\/\/tightline.ee\/et\/wp-json\/wp\/v2\/media?parent=5970"}],"wp:term":[{"taxonomy":"pwb-brand","embeddable":true,"href":"https:\/\/tightline.ee\/et\/wp-json\/wp\/v2\/pwb-brand?post=5970"},{"taxonomy":"product_cat","embeddable":true,"href":"https:\/\/tightline.ee\/et\/wp-json\/wp\/v2\/product_cat?post=5970"},{"taxonomy":"product_tag","embeddable":true,"href":"https:\/\/tightline.ee\/et\/wp-json\/wp\/v2\/product_tag?post=5970"}],"curies":[{"name":"wp","href":"https:\/\/api.w.org\/{rel}","templated":true}]}}