{"id":5725,"date":"2019-09-26T19:56:16","date_gmt":"2019-09-26T16:56:16","guid":{"rendered":"https:\/\/tightline-ee.vserver.zonevs.eu\/?post_type=product&#038;p=5725"},"modified":"2026-01-07T20:45:10","modified_gmt":"2026-01-07T18:45:10","slug":"veniards-cellire-varnish","status":"publish","type":"product","link":"https:\/\/tightline.ee\/et\/toode\/veniards-cellire-varnish\/","title":{"rendered":"Veniard\u2019s Cellire Varnish"},"content":{"rendered":"<p>Need suurep\u00e4rased l\u00e4bipaistvad lakid toimivad samal ajal lakkide ja liimina.<br \/>\nVeekindlus, \u00e4rge koorige maha ja \u00e4rge kahjustage sidumismaterjale.<br \/>\nNad kuivavad v\u00e4ga kiiresti, luues klaasja pinna lennult.<\/p>\n<p>Veniard Unitit.<br \/>\nVeniardi lakkide jaoks on \u00f5hem lahusti.<\/p>","protected":false},"excerpt":{"rendered":"<p>Need suurep\u00e4rased l\u00e4bipaistvad lakid toimivad samal ajal lakkide ja liimina. Veekindlus, \u00e4rge koorige maha ja \u00e4rge kahjustage sidumismaterjale. Nad kuivavad<\/p>\n","protected":false},"featured_media":5726,"template":"","meta":[],"pwb-brand":[394],"product_cat":[167],"product_tag":[1184,1182,395,743,1183],"class_list":{"0":"post-5725","1":"product","2":"type-product","3":"status-publish","4":"has-post-thumbnail","6":"pwb-brand-veniard","7":"product_cat-fly-tying-varnish-glue-dyes","8":"product_tag-cellire","9":"product_tag-varnish","10":"product_tag-veniard","11":"product_tag-743","12":"product_tag-1183","14":"first","15":"instock","16":"taxable","17":"shipping-taxable","18":"purchasable","19":"product-type-variable"},"jetpack_sharing_enabled":true,"brands":[{"id":394,"name":"Veniard","slug":"veniard"}],"_links":{"self":[{"href":"https:\/\/tightline.ee\/et\/wp-json\/wp\/v2\/product\/5725","targetHints":{"allow":["GET"]}}],"collection":[{"href":"https:\/\/tightline.ee\/et\/wp-json\/wp\/v2\/product"}],"about":[{"href":"https:\/\/tightline.ee\/et\/wp-json\/wp\/v2\/types\/product"}],"wp:featuredmedia":[{"embeddable":true,"href":"https:\/\/tightline.ee\/et\/wp-json\/wp\/v2\/media\/5726"}],"wp:attachment":[{"href":"https:\/\/tightline.ee\/et\/wp-json\/wp\/v2\/media?parent=5725"}],"wp:term":[{"taxonomy":"pwb-brand","embeddable":true,"href":"https:\/\/tightline.ee\/et\/wp-json\/wp\/v2\/pwb-brand?post=5725"},{"taxonomy":"product_cat","embeddable":true,"href":"https:\/\/tightline.ee\/et\/wp-json\/wp\/v2\/product_cat?post=5725"},{"taxonomy":"product_tag","embeddable":true,"href":"https:\/\/tightline.ee\/et\/wp-json\/wp\/v2\/product_tag?post=5725"}],"curies":[{"name":"wp","href":"https:\/\/api.w.org\/{rel}","templated":true}]}}