{"id":5554,"date":"2019-09-25T16:18:17","date_gmt":"2019-09-25T13:18:17","guid":{"rendered":"https:\/\/tightline-ee.vserver.zonevs.eu\/?post_type=product&#038;p=5554"},"modified":"2023-01-22T15:15:07","modified_gmt":"2023-01-22T13:15:07","slug":"fish-scale","status":"publish","type":"product","link":"https:\/\/tightline.ee\/et\/toode\/fish-scale\/","title":{"rendered":"Fish Scale"},"content":{"rendered":"<p>Sellel revolutsioonilisel s\u00f6\u00f6dakala kiudul on vees ilmnedes uskumatu realistlik ulatus. p\u00e4rlmutterdatud keerutatud v\u00e4lgu ja kroogitud nailoni segu simuleerib s\u00f6\u00f6dakala soomuseid ja muudab teie k\u00e4rbsed \u00fcliloomulikuks ja kiskjale vastupandamatuks.<\/p>","protected":false},"excerpt":{"rendered":"<p>Sellel revolutsioonilisel s\u00f6\u00f6dakala kiudul on vees ilmnedes uskumatu realistlik ulatus. p\u00e4rlmutterdatud keerutatud v\u00e4lgu ja kroogitud nailoni segu simuleerib s\u00f6\u00f6dakala soomuseid<\/p>\n","protected":false},"featured_media":5931,"template":"","meta":[],"pwb-brand":[998],"product_cat":[1108],"product_tag":[1109,970,1050,1052,1097,817],"class_list":{"0":"post-5554","1":"product","2":"type-product","3":"status-publish","4":"has-post-thumbnail","6":"pwb-brand-h2o","7":"product_cat-fish-scale","8":"product_tag-fish-scale","9":"product_tag-flash","10":"product_tag-flashabou","11":"product_tag-lureks","12":"product_tag-slinky","13":"product_tag-tinsel","15":"first","16":"instock","17":"taxable","18":"shipping-taxable","19":"purchasable","20":"product-type-variable"},"jetpack_sharing_enabled":true,"brands":[{"id":998,"name":"H2O","slug":"h2o"}],"_links":{"self":[{"href":"https:\/\/tightline.ee\/et\/wp-json\/wp\/v2\/product\/5554","targetHints":{"allow":["GET"]}}],"collection":[{"href":"https:\/\/tightline.ee\/et\/wp-json\/wp\/v2\/product"}],"about":[{"href":"https:\/\/tightline.ee\/et\/wp-json\/wp\/v2\/types\/product"}],"wp:featuredmedia":[{"embeddable":true,"href":"https:\/\/tightline.ee\/et\/wp-json\/wp\/v2\/media\/5931"}],"wp:attachment":[{"href":"https:\/\/tightline.ee\/et\/wp-json\/wp\/v2\/media?parent=5554"}],"wp:term":[{"taxonomy":"pwb-brand","embeddable":true,"href":"https:\/\/tightline.ee\/et\/wp-json\/wp\/v2\/pwb-brand?post=5554"},{"taxonomy":"product_cat","embeddable":true,"href":"https:\/\/tightline.ee\/et\/wp-json\/wp\/v2\/product_cat?post=5554"},{"taxonomy":"product_tag","embeddable":true,"href":"https:\/\/tightline.ee\/et\/wp-json\/wp\/v2\/product_tag?post=5554"}],"curies":[{"name":"wp","href":"https:\/\/api.w.org\/{rel}","templated":true}]}}