{"id":5217,"date":"2019-09-24T14:02:56","date_gmt":"2019-09-24T11:02:56","guid":{"rendered":"https:\/\/tightline-ee.vserver.zonevs.eu\/?post_type=product&#038;p=5217"},"modified":"2026-04-02T10:59:18","modified_gmt":"2026-04-02T07:59:18","slug":"krystal-flash","status":"publish","type":"product","link":"https:\/\/tightline.ee\/et\/toode\/krystal-flash\/","title":{"rendered":"Krystal Flash"},"content":{"rendered":"<p>Krystal v\u00e4lgutab originaalset s\u00fcnteetilist tiibmaterjali. V\u00e4ga peegeldav laineline tiibmaterjal.<br \/>\nMicro Flash on Krystali v\u00e4lgu peenem versioon. Suurep\u00e4rane v\u00e4iksemate k\u00e4rbeste jaoks.<br \/>\nNano Krystali kolv on peenem kui mikrov\u00e4lk, sellel \u00fclipeenel krystal v\u00e4lgul on palju kasutusvaldkondi, alates rindkerest kuni sabani ja soonikest kuni jalgadeni.<\/p>","protected":false},"excerpt":{"rendered":"<p>Krystal v\u00e4lgutab originaalset s\u00fcnteetilist tiibmaterjali. V\u00e4ga peegeldav laineline tiibmaterjal. Micro Flash on Krystali v\u00e4lgu peenem versioon. Suurep\u00e4rane v\u00e4iksemate k\u00e4rbeste jaoks.<\/p>\n","protected":false},"featured_media":5936,"template":"","meta":[],"pwb-brand":[998,394],"product_cat":[968],"product_tag":[970,999,969,1000],"class_list":{"0":"post-5217","1":"product","2":"type-product","3":"status-publish","4":"has-post-thumbnail","6":"pwb-brand-h2o","7":"pwb-brand-veniard","8":"product_cat-krystal-flash","9":"product_tag-flash","10":"product_tag-h2o","11":"product_tag-krystal","12":"product_tag-micro","14":"first","15":"instock","16":"taxable","17":"shipping-taxable","18":"purchasable","19":"product-type-variable"},"jetpack_sharing_enabled":true,"brands":[{"id":998,"name":"H2O","slug":"h2o"},{"id":394,"name":"Veniard","slug":"veniard"}],"_links":{"self":[{"href":"https:\/\/tightline.ee\/et\/wp-json\/wp\/v2\/product\/5217","targetHints":{"allow":["GET"]}}],"collection":[{"href":"https:\/\/tightline.ee\/et\/wp-json\/wp\/v2\/product"}],"about":[{"href":"https:\/\/tightline.ee\/et\/wp-json\/wp\/v2\/types\/product"}],"wp:featuredmedia":[{"embeddable":true,"href":"https:\/\/tightline.ee\/et\/wp-json\/wp\/v2\/media\/5936"}],"wp:attachment":[{"href":"https:\/\/tightline.ee\/et\/wp-json\/wp\/v2\/media?parent=5217"}],"wp:term":[{"taxonomy":"pwb-brand","embeddable":true,"href":"https:\/\/tightline.ee\/et\/wp-json\/wp\/v2\/pwb-brand?post=5217"},{"taxonomy":"product_cat","embeddable":true,"href":"https:\/\/tightline.ee\/et\/wp-json\/wp\/v2\/product_cat?post=5217"},{"taxonomy":"product_tag","embeddable":true,"href":"https:\/\/tightline.ee\/et\/wp-json\/wp\/v2\/product_tag?post=5217"}],"curies":[{"name":"wp","href":"https:\/\/api.w.org\/{rel}","templated":true}]}}