{"id":14353,"date":"2026-05-12T19:29:23","date_gmt":"2026-05-12T16:29:23","guid":{"rendered":"https:\/\/tightline.ee\/?post_type=product&#038;p=14353"},"modified":"2026-05-12T19:58:38","modified_gmt":"2026-05-12T16:58:38","slug":"loon-henrys-sinket","status":"publish","type":"product","link":"https:\/\/tightline.ee\/et\/toode\/loon-henrys-sinket\/","title":{"rendered":"Loon Henry&#8217;s Sinket"},"content":{"rendered":"<p>Vedel uppumisvahend<br \/>\nAitab l\u00f5hustada pinnavee pinget, nii et k\u00e4rbsed vajuvad kiiremini alla<br \/>\nSaab lindudelt kiiremini alla<br \/>\nAitab n\u00fcmfidel loomulikult p\u00f5hjas veereda<\/p>","protected":false},"excerpt":{"rendered":"<p>Vedel uppumisvahend Aitab l\u00f5hustada pinnavee pinget, nii et k\u00e4rbsed vajuvad kiiremini alla Saab lindudelt kiiremini alla Aitab n\u00fcmfidel loomulikult p\u00f5hjas<\/p>\n","protected":false},"featured_media":14358,"template":"","meta":[],"pwb-brand":[199],"product_cat":[93,151,152,153,154,96],"product_tag":[2736],"class_list":{"0":"post-14353","1":"product","2":"type-product","3":"status-publish","4":"has-post-thumbnail","6":"pwb-brand-loon","7":"product_cat-flies","8":"product_cat-wet-fly","9":"product_cat-nymph","10":"product_cat-streamer","11":"product_cat-czech-nymph","12":"product_cat-accessories-for-fishing","13":"product_tag-sinket","15":"first","16":"instock","17":"taxable","18":"shipping-taxable","19":"purchasable","20":"product-type-simple"},"jetpack_sharing_enabled":true,"brands":[{"id":199,"name":"Loon","slug":"loon"}],"_links":{"self":[{"href":"https:\/\/tightline.ee\/et\/wp-json\/wp\/v2\/product\/14353","targetHints":{"allow":["GET"]}}],"collection":[{"href":"https:\/\/tightline.ee\/et\/wp-json\/wp\/v2\/product"}],"about":[{"href":"https:\/\/tightline.ee\/et\/wp-json\/wp\/v2\/types\/product"}],"wp:featuredmedia":[{"embeddable":true,"href":"https:\/\/tightline.ee\/et\/wp-json\/wp\/v2\/media\/14358"}],"wp:attachment":[{"href":"https:\/\/tightline.ee\/et\/wp-json\/wp\/v2\/media?parent=14353"}],"wp:term":[{"taxonomy":"pwb-brand","embeddable":true,"href":"https:\/\/tightline.ee\/et\/wp-json\/wp\/v2\/pwb-brand?post=14353"},{"taxonomy":"product_cat","embeddable":true,"href":"https:\/\/tightline.ee\/et\/wp-json\/wp\/v2\/product_cat?post=14353"},{"taxonomy":"product_tag","embeddable":true,"href":"https:\/\/tightline.ee\/et\/wp-json\/wp\/v2\/product_tag?post=14353"}],"curies":[{"name":"wp","href":"https:\/\/api.w.org\/{rel}","templated":true}]}}