{"id":14352,"date":"2026-05-12T19:25:21","date_gmt":"2026-05-12T16:25:21","guid":{"rendered":"https:\/\/tightline.ee\/?post_type=product&#038;p=14352"},"modified":"2026-05-12T19:58:13","modified_gmt":"2026-05-12T16:58:13","slug":"loon-up-down-kit","status":"publish","type":"product","link":"https:\/\/tightline.ee\/et\/toode\/loon-up-down-kit\/","title":{"rendered":"Loon Up &#038; Down Kit"},"content":{"rendered":"<p>Sisaldab Henry\u2019s Sinketit ja Aqueli.<\/p>\n<p>Aquel<\/p>\n<p>Kvaliteetne kuivk\u00e4rbse geel-ujukaine<br \/>\nEi j\u00e4ta \u00f5lilaiku<br \/>\nTemperatuurikindel<br \/>\nHenrys Sinket<\/p>\n<p>Vedel uppumisaine<br \/>\nAitab n\u00fcmfidel p\u00f5hjas loomulikumalt veereda<\/p>","protected":false},"excerpt":{"rendered":"<p>Sisaldab Henry\u2019s Sinketit ja Aqueli. Aquel Kvaliteetne kuivk\u00e4rbse geel-ujukaine Ei j\u00e4ta \u00f5lilaiku Temperatuurikindel Henrys Sinket Vedel uppumisaine Aitab n\u00fcmfidel p\u00f5hjas<\/p>\n","protected":false},"featured_media":14357,"template":"","meta":[],"pwb-brand":[199],"product_cat":[2265,93,146,150,151,152,153,154,96],"product_tag":[747,190,2736],"class_list":{"0":"post-14352","1":"product","2":"type-product","3":"status-publish","4":"has-post-thumbnail","6":"pwb-brand-loon","7":"product_cat-terrestrials","8":"product_cat-flies","9":"product_cat-may-fly-dry-wet-nymphs-klinkhammers-emerger-czech","10":"product_cat-dry-and-may-fly","11":"product_cat-wet-fly","12":"product_cat-nymph","13":"product_cat-streamer","14":"product_cat-czech-nymph","15":"product_cat-accessories-for-fishing","16":"product_tag-floatant","17":"product_tag-kit","18":"product_tag-sinket","20":"first","21":"instock","22":"taxable","23":"shipping-taxable","24":"purchasable","25":"product-type-simple"},"jetpack_sharing_enabled":true,"brands":[{"id":199,"name":"Loon","slug":"loon"}],"_links":{"self":[{"href":"https:\/\/tightline.ee\/et\/wp-json\/wp\/v2\/product\/14352","targetHints":{"allow":["GET"]}}],"collection":[{"href":"https:\/\/tightline.ee\/et\/wp-json\/wp\/v2\/product"}],"about":[{"href":"https:\/\/tightline.ee\/et\/wp-json\/wp\/v2\/types\/product"}],"wp:featuredmedia":[{"embeddable":true,"href":"https:\/\/tightline.ee\/et\/wp-json\/wp\/v2\/media\/14357"}],"wp:attachment":[{"href":"https:\/\/tightline.ee\/et\/wp-json\/wp\/v2\/media?parent=14352"}],"wp:term":[{"taxonomy":"pwb-brand","embeddable":true,"href":"https:\/\/tightline.ee\/et\/wp-json\/wp\/v2\/pwb-brand?post=14352"},{"taxonomy":"product_cat","embeddable":true,"href":"https:\/\/tightline.ee\/et\/wp-json\/wp\/v2\/product_cat?post=14352"},{"taxonomy":"product_tag","embeddable":true,"href":"https:\/\/tightline.ee\/et\/wp-json\/wp\/v2\/product_tag?post=14352"}],"curies":[{"name":"wp","href":"https:\/\/api.w.org\/{rel}","templated":true}]}}