{"id":14342,"date":"2026-05-05T17:22:19","date_gmt":"2026-05-05T14:22:19","guid":{"rendered":"https:\/\/tightline.ee\/?post_type=product&#038;p=14342"},"modified":"2026-05-05T17:25:40","modified_gmt":"2026-05-05T14:25:40","slug":"guideline-embrace-sh-9-9-predator-pike-kit","status":"publish","type":"product","link":"https:\/\/tightline.ee\/et\/toode\/guideline-embrace-sh-9-9-predator-pike-kit\/","title":{"rendered":"Guideline EMBRACE SH 9\u2019 #9, PREDATOR (Pike kit)"},"content":{"rendered":"<p>Tootekirjeldus<br \/>\nR\u00f6\u00f6vkalade p\u00fc\u00fck merel ja rannikul on muutumas \u00fcha populaarsemaks spordialaks. Need n\u00f5uavad v\u00f5imsamat varustust tuulele vastu pidamiseks, suurte, tuulekindlate k\u00e4rbeste heitmiseks ja suurte kalade k\u00e4sitsemiseks. Need Embrace&#8217;i ridvad on varustatud musta NOVA 79 k\u00e4rbserulli, WF ujuvn\u00f6\u00f6ri, alusn\u00f6\u00f6ri ja lipsuga.<\/p>\n<p>EMBRACE SH 9&#8242; #9, KISKJALAT<br \/>\nSuured r\u00f6\u00f6vkalad on muutumas \u00fcha populaarsemaks ja selle varustusega olete valmis neid p\u00fc\u00fcdma. See on loodud peamiselt haugi p\u00fc\u00fcdmiseks, kuid sobib h\u00e4sti ka karpkala ja teiste soolase vee liikide p\u00fc\u00fcgiks.<\/p>","protected":false},"excerpt":{"rendered":"<p>Tootekirjeldus R\u00f6\u00f6vkalade p\u00fc\u00fck merel ja rannikul on muutumas \u00fcha populaarsemaks spordialaks. Need n\u00f5uavad v\u00f5imsamat varustust tuulele vastu pidamiseks, suurte, tuulekindlate<\/p>\n","protected":false},"featured_media":14343,"template":"","meta":[],"pwb-brand":[2191],"product_cat":[83,100,101],"product_tag":[2731,190,197],"class_list":{"0":"post-14342","1":"product","2":"type-product","3":"status-publish","4":"has-post-thumbnail","6":"pwb-brand-guide-line","7":"product_cat-rods","8":"product_cat-single-hand","9":"product_cat-fishing-set","10":"product_tag-guideline","11":"product_tag-kit","12":"product_tag-pike","14":"first","15":"instock","16":"taxable","17":"shipping-taxable","18":"purchasable","19":"product-type-simple"},"jetpack_sharing_enabled":true,"brands":[{"id":2191,"name":"Guide Line","slug":"guide-line"}],"_links":{"self":[{"href":"https:\/\/tightline.ee\/et\/wp-json\/wp\/v2\/product\/14342","targetHints":{"allow":["GET"]}}],"collection":[{"href":"https:\/\/tightline.ee\/et\/wp-json\/wp\/v2\/product"}],"about":[{"href":"https:\/\/tightline.ee\/et\/wp-json\/wp\/v2\/types\/product"}],"wp:featuredmedia":[{"embeddable":true,"href":"https:\/\/tightline.ee\/et\/wp-json\/wp\/v2\/media\/14343"}],"wp:attachment":[{"href":"https:\/\/tightline.ee\/et\/wp-json\/wp\/v2\/media?parent=14342"}],"wp:term":[{"taxonomy":"pwb-brand","embeddable":true,"href":"https:\/\/tightline.ee\/et\/wp-json\/wp\/v2\/pwb-brand?post=14342"},{"taxonomy":"product_cat","embeddable":true,"href":"https:\/\/tightline.ee\/et\/wp-json\/wp\/v2\/product_cat?post=14342"},{"taxonomy":"product_tag","embeddable":true,"href":"https:\/\/tightline.ee\/et\/wp-json\/wp\/v2\/product_tag?post=14342"}],"curies":[{"name":"wp","href":"https:\/\/api.w.org\/{rel}","templated":true}]}}