{"id":14327,"date":"2026-04-09T12:56:57","date_gmt":"2026-04-09T09:56:57","guid":{"rendered":"https:\/\/tightline.ee\/?post_type=product&#038;p=14327"},"modified":"2026-04-09T12:56:57","modified_gmt":"2026-04-09T09:56:57","slug":"patagonia-wading-support-belt","status":"publish","type":"product","link":"https:\/\/tightline.ee\/et\/toode\/patagonia-wading-support-belt\/","title":{"rendered":"Patagonia Wading Support Belt"},"content":{"rendered":"<p>Suurus L\/XL<\/p>\n<p>Meie tugiv\u00f6\u00f6 kahlamisretkedel pakub tugevat ja vormitud seljatuge mugavaks ja terveks p\u00e4evaks.<\/p>\n<p>https:\/\/eu.patagonia.com\/ee\/en\/product\/wading-support-belt\/81671.html?dwvar_81671_color=BLK<\/p>","protected":false},"excerpt":{"rendered":"<p>Suurus L\/XL Meie tugiv\u00f6\u00f6 kahlamisretkedel pakub tugevat ja vormitud seljatuge mugavaks ja terveks p\u00e4evaks. https:\/\/eu.patagonia.com\/ee\/en\/product\/wading-support-belt\/81671.html?dwvar_81671_color=BLK<\/p>\n","protected":false},"featured_media":14328,"template":"","meta":[],"pwb-brand":[293],"product_cat":[172,117,96],"product_tag":[1775,2730,360],"class_list":{"0":"post-14327","1":"product","2":"type-product","3":"status-publish","4":"has-post-thumbnail","6":"pwb-brand-patagonia","7":"product_cat-waders","8":"product_cat-wading-accessories","9":"product_cat-accessories-for-fishing","10":"product_tag-belt","11":"product_tag-support","12":"product_tag-wading","14":"first","15":"instock","16":"taxable","17":"shipping-taxable","18":"purchasable","19":"product-type-simple"},"jetpack_sharing_enabled":true,"brands":[{"id":293,"name":"Patagonia","slug":"patagonia"}],"_links":{"self":[{"href":"https:\/\/tightline.ee\/et\/wp-json\/wp\/v2\/product\/14327","targetHints":{"allow":["GET"]}}],"collection":[{"href":"https:\/\/tightline.ee\/et\/wp-json\/wp\/v2\/product"}],"about":[{"href":"https:\/\/tightline.ee\/et\/wp-json\/wp\/v2\/types\/product"}],"wp:featuredmedia":[{"embeddable":true,"href":"https:\/\/tightline.ee\/et\/wp-json\/wp\/v2\/media\/14328"}],"wp:attachment":[{"href":"https:\/\/tightline.ee\/et\/wp-json\/wp\/v2\/media?parent=14327"}],"wp:term":[{"taxonomy":"pwb-brand","embeddable":true,"href":"https:\/\/tightline.ee\/et\/wp-json\/wp\/v2\/pwb-brand?post=14327"},{"taxonomy":"product_cat","embeddable":true,"href":"https:\/\/tightline.ee\/et\/wp-json\/wp\/v2\/product_cat?post=14327"},{"taxonomy":"product_tag","embeddable":true,"href":"https:\/\/tightline.ee\/et\/wp-json\/wp\/v2\/product_tag?post=14327"}],"curies":[{"name":"wp","href":"https:\/\/api.w.org\/{rel}","templated":true}]}}