{"id":14314,"date":"2026-04-07T15:39:08","date_gmt":"2026-04-07T12:39:08","guid":{"rendered":"https:\/\/tightline.ee\/?post_type=product&#038;p=14314"},"modified":"2026-04-07T15:39:24","modified_gmt":"2026-04-07T12:39:24","slug":"sss-dubbing","status":"publish","type":"product","link":"https:\/\/tightline.ee\/et\/toode\/sss-dubbing\/","title":{"rendered":"SSS Dubbing"},"content":{"rendered":"<p>Ideaalne dubbing l\u00f5hek\u00e4rbeste valmistamiseks<\/p>\n<p>SSS dubbingi struktuur koosneb l\u00e4bipaistvatest s\u00fcnteetilistest kiududest, mis on v\u00e4rvitud ja segatud SSS inglikarva seguga. Inglikarva salgud on l\u00f5igatud piisavalt pikaks, et neid oleks v\u00f5imalik harjata ilma kehalt maha kukkumata.<\/p>","protected":false},"excerpt":{"rendered":"<p>Ideaalne dubbing l\u00f5hek\u00e4rbeste valmistamiseks SSS dubbingi struktuur koosneb l\u00e4bipaistvatest s\u00fcnteetilistest kiududest, mis on v\u00e4rvitud ja segatud SSS inglikarva seguga. Inglikarva<\/p>\n","protected":false},"featured_media":14313,"template":"","meta":[],"pwb-brand":[2728],"product_cat":[161],"product_tag":[608,2729],"class_list":{"0":"post-14314","1":"product","2":"type-product","3":"status-publish","4":"has-post-thumbnail","6":"pwb-brand-frodinflies","7":"product_cat-dubbing","8":"product_tag-salmon","9":"product_tag-sss","11":"first","12":"instock","13":"taxable","14":"shipping-taxable","15":"purchasable","16":"product-type-variable"},"jetpack_sharing_enabled":true,"brands":[{"id":2728,"name":"FrodinFlies","slug":"frodinflies"}],"_links":{"self":[{"href":"https:\/\/tightline.ee\/et\/wp-json\/wp\/v2\/product\/14314","targetHints":{"allow":["GET"]}}],"collection":[{"href":"https:\/\/tightline.ee\/et\/wp-json\/wp\/v2\/product"}],"about":[{"href":"https:\/\/tightline.ee\/et\/wp-json\/wp\/v2\/types\/product"}],"wp:featuredmedia":[{"embeddable":true,"href":"https:\/\/tightline.ee\/et\/wp-json\/wp\/v2\/media\/14313"}],"wp:attachment":[{"href":"https:\/\/tightline.ee\/et\/wp-json\/wp\/v2\/media?parent=14314"}],"wp:term":[{"taxonomy":"pwb-brand","embeddable":true,"href":"https:\/\/tightline.ee\/et\/wp-json\/wp\/v2\/pwb-brand?post=14314"},{"taxonomy":"product_cat","embeddable":true,"href":"https:\/\/tightline.ee\/et\/wp-json\/wp\/v2\/product_cat?post=14314"},{"taxonomy":"product_tag","embeddable":true,"href":"https:\/\/tightline.ee\/et\/wp-json\/wp\/v2\/product_tag?post=14314"}],"curies":[{"name":"wp","href":"https:\/\/api.w.org\/{rel}","templated":true}]}}