{"id":14234,"date":"2026-03-30T13:09:57","date_gmt":"2026-03-30T10:09:57","guid":{"rendered":"https:\/\/tightline.ee\/?post_type=product&#038;p=14234"},"modified":"2026-03-30T13:09:57","modified_gmt":"2026-03-30T10:09:57","slug":"loop-dry-tactical-backpack-15l","status":"publish","type":"product","link":"https:\/\/tightline.ee\/et\/toode\/loop-dry-tactical-backpack-15l\/","title":{"rendered":"Loop Dry Tactical Backpack 15L"},"content":{"rendered":"<p>Ergonoomiline disain<br \/>\nPeamise ja teisej\u00e4rgulise ridva hoiuruum<br \/>\nEemaldatav MOLLE-s\u00fcsteem<br \/>\n100% veekindel<br \/>\nM\u00f5\u00f5tmed: K 45 cm x L 25 cm<br \/>\nKaal: 1 kg<\/p>","protected":false},"excerpt":{"rendered":"<p>Ergonoomiline disain Peamise ja teisej\u00e4rgulise ridva hoiuruum Eemaldatav MOLLE-s\u00fcsteem 100% veekindel M\u00f5\u00f5tmed: K 45 cm x L 25 cm Kaal:<\/p>\n","protected":false},"featured_media":14235,"template":"","meta":[],"pwb-brand":[180],"product_cat":[89],"product_tag":[1614,2715,621],"class_list":{"0":"post-14234","1":"product","2":"type-product","3":"status-publish","4":"has-post-thumbnail","6":"pwb-brand-loop","7":"product_cat-bags-backpack","8":"product_tag-backpack","9":"product_tag-dry-tactical","10":"product_tag-loop","12":"first","13":"instock","14":"taxable","15":"shipping-taxable","16":"purchasable","17":"product-type-simple"},"jetpack_sharing_enabled":true,"brands":[{"id":180,"name":"Loop","slug":"loop"}],"_links":{"self":[{"href":"https:\/\/tightline.ee\/et\/wp-json\/wp\/v2\/product\/14234","targetHints":{"allow":["GET"]}}],"collection":[{"href":"https:\/\/tightline.ee\/et\/wp-json\/wp\/v2\/product"}],"about":[{"href":"https:\/\/tightline.ee\/et\/wp-json\/wp\/v2\/types\/product"}],"wp:featuredmedia":[{"embeddable":true,"href":"https:\/\/tightline.ee\/et\/wp-json\/wp\/v2\/media\/14235"}],"wp:attachment":[{"href":"https:\/\/tightline.ee\/et\/wp-json\/wp\/v2\/media?parent=14234"}],"wp:term":[{"taxonomy":"pwb-brand","embeddable":true,"href":"https:\/\/tightline.ee\/et\/wp-json\/wp\/v2\/pwb-brand?post=14234"},{"taxonomy":"product_cat","embeddable":true,"href":"https:\/\/tightline.ee\/et\/wp-json\/wp\/v2\/product_cat?post=14234"},{"taxonomy":"product_tag","embeddable":true,"href":"https:\/\/tightline.ee\/et\/wp-json\/wp\/v2\/product_tag?post=14234"}],"curies":[{"name":"wp","href":"https:\/\/api.w.org\/{rel}","templated":true}]}}