{"id":14189,"date":"2025-12-30T14:10:15","date_gmt":"2025-12-30T12:10:15","guid":{"rendered":"https:\/\/tightline.ee\/?post_type=product&#038;p=14189"},"modified":"2025-12-30T14:10:15","modified_gmt":"2025-12-30T12:10:15","slug":"tungsten-carbide-special-spikes","status":"publish","type":"product","link":"https:\/\/tightline.ee\/et\/toode\/tungsten-carbide-special-spikes\/","title":{"rendered":"Tungsten Carbide Special Spikes"},"content":{"rendered":"<p>Soovi korral v\u00f5ite need naelad kummist v\u00f5i uutest vildist talladest kinni keerata ja k\u00f5ndima hakata. Soovitame kasutada 10 naela talla kohta.<\/p>\n<p>Pakend sisaldab kokkupaneku t\u00f6\u00f6riista ja 20 naela.<\/p>","protected":false},"excerpt":{"rendered":"<p>Soovi korral v\u00f5ite need naelad kummist v\u00f5i uutest vildist talladest kinni keerata ja k\u00f5ndima hakata. Soovitame kasutada 10 naela talla<\/p>\n","protected":false},"featured_media":14190,"template":"","meta":[],"pwb-brand":[1137],"product_cat":[87,117,96],"product_tag":[2707,2708,1434],"class_list":{"0":"post-14189","1":"product","2":"type-product","3":"status-publish","4":"has-post-thumbnail","6":"pwb-brand-traun-river","7":"product_cat-wading-boots","8":"product_cat-wading-accessories","9":"product_cat-accessories-for-fishing","10":"product_tag-carbide","11":"product_tag-special-spikes","12":"product_tag-tungsten","14":"first","15":"instock","16":"taxable","17":"shipping-taxable","18":"purchasable","19":"product-type-simple"},"jetpack_sharing_enabled":true,"brands":[{"id":1137,"name":"Traun River","slug":"traun-river"}],"_links":{"self":[{"href":"https:\/\/tightline.ee\/et\/wp-json\/wp\/v2\/product\/14189","targetHints":{"allow":["GET"]}}],"collection":[{"href":"https:\/\/tightline.ee\/et\/wp-json\/wp\/v2\/product"}],"about":[{"href":"https:\/\/tightline.ee\/et\/wp-json\/wp\/v2\/types\/product"}],"wp:featuredmedia":[{"embeddable":true,"href":"https:\/\/tightline.ee\/et\/wp-json\/wp\/v2\/media\/14190"}],"wp:attachment":[{"href":"https:\/\/tightline.ee\/et\/wp-json\/wp\/v2\/media?parent=14189"}],"wp:term":[{"taxonomy":"pwb-brand","embeddable":true,"href":"https:\/\/tightline.ee\/et\/wp-json\/wp\/v2\/pwb-brand?post=14189"},{"taxonomy":"product_cat","embeddable":true,"href":"https:\/\/tightline.ee\/et\/wp-json\/wp\/v2\/product_cat?post=14189"},{"taxonomy":"product_tag","embeddable":true,"href":"https:\/\/tightline.ee\/et\/wp-json\/wp\/v2\/product_tag?post=14189"}],"curies":[{"name":"wp","href":"https:\/\/api.w.org\/{rel}","templated":true}]}}