{"id":14173,"date":"2025-11-25T13:48:55","date_gmt":"2025-11-25T11:48:55","guid":{"rendered":"https:\/\/tightline.ee\/?post_type=product&#038;p=14173"},"modified":"2026-04-12T12:58:20","modified_gmt":"2026-04-12T09:58:20","slug":"patagonia-heavyweight-merino-wool-blend-knee-socks","status":"publish","type":"product","link":"https:\/\/tightline.ee\/et\/toode\/patagonia-heavyweight-merino-wool-blend-knee-socks\/","title":{"rendered":"Patagonia Heavyweight Merino Wool-Blend Knee Socks"},"content":{"rendered":"<p>84% meriinovill, 15% nailon, 1% elastaanist sokil\u00f5ng. Raske, t\u00f6\u00f6kas meriinovillane s\u00e4\u00e4repealne sokk<\/p>\n<p>Size M: 38-41<\/p>\n<p>Size. L :42-45<\/p>\n<p>Size XL:46-49<\/p>","protected":false},"excerpt":{"rendered":"<p>84% meriinovill, 15% nailon, 1% elastaanist sokil\u00f5ng. Raske, t\u00f6\u00f6kas meriinovillane s\u00e4\u00e4repealne sokk Size M: 38-41 Size. L :42-45 Size XL:46-49<\/p>\n","protected":false},"featured_media":14177,"template":"","meta":[],"pwb-brand":[293],"product_cat":[117,123],"product_tag":[2274,1768,2234,2352],"class_list":{"0":"post-14173","1":"product","2":"type-product","3":"status-publish","4":"has-post-thumbnail","6":"pwb-brand-patagonia","7":"product_cat-wading-accessories","8":"product_cat-soks-gloves","9":"product_tag-merino","10":"product_tag-socks","11":"product_tag-wool","12":"product_tag-2352","14":"first","15":"instock","16":"taxable","17":"shipping-taxable","18":"purchasable","19":"product-type-variable"},"jetpack_sharing_enabled":true,"brands":[{"id":293,"name":"Patagonia","slug":"patagonia"}],"_links":{"self":[{"href":"https:\/\/tightline.ee\/et\/wp-json\/wp\/v2\/product\/14173","targetHints":{"allow":["GET"]}}],"collection":[{"href":"https:\/\/tightline.ee\/et\/wp-json\/wp\/v2\/product"}],"about":[{"href":"https:\/\/tightline.ee\/et\/wp-json\/wp\/v2\/types\/product"}],"wp:featuredmedia":[{"embeddable":true,"href":"https:\/\/tightline.ee\/et\/wp-json\/wp\/v2\/media\/14177"}],"wp:attachment":[{"href":"https:\/\/tightline.ee\/et\/wp-json\/wp\/v2\/media?parent=14173"}],"wp:term":[{"taxonomy":"pwb-brand","embeddable":true,"href":"https:\/\/tightline.ee\/et\/wp-json\/wp\/v2\/pwb-brand?post=14173"},{"taxonomy":"product_cat","embeddable":true,"href":"https:\/\/tightline.ee\/et\/wp-json\/wp\/v2\/product_cat?post=14173"},{"taxonomy":"product_tag","embeddable":true,"href":"https:\/\/tightline.ee\/et\/wp-json\/wp\/v2\/product_tag?post=14173"}],"curies":[{"name":"wp","href":"https:\/\/api.w.org\/{rel}","templated":true}]}}