{"id":14169,"date":"2025-11-19T12:04:40","date_gmt":"2025-11-19T10:04:40","guid":{"rendered":"https:\/\/tightline.ee\/?post_type=product&#038;p=14169"},"modified":"2025-12-02T15:34:53","modified_gmt":"2025-12-02T13:34:53","slug":"uni-french-embossed-tinsel","status":"publish","type":"product","link":"https:\/\/tightline.ee\/et\/toode\/uni-french-embossed-tinsel\/","title":{"rendered":"UNI French Embossed Tinsel"},"content":{"rendered":"<p>UNI-Prantsuse reljeefsed tindikesed annavad teie k\u00e4rbsetele ainulaadse ilme. Nende reljeefne pind n\u00e4eb sageli palju parem v\u00e4lja kui tavaline lame tindike.<\/p>","protected":false},"excerpt":{"rendered":"<p>UNI-Prantsuse reljeefsed tindikesed annavad teie k\u00e4rbsetele ainulaadse ilme. Nende reljeefne pind n\u00e4eb sageli palju parem v\u00e4lja kui tavaline lame tindike.<\/p>\n","protected":false},"featured_media":14170,"template":"","meta":[],"pwb-brand":[813],"product_cat":[2704],"product_tag":[817,2705],"class_list":{"0":"post-14169","1":"product","2":"type-product","3":"status-publish","4":"has-post-thumbnail","6":"pwb-brand-uni","7":"product_cat-uni-french-embossed-tinsel","8":"product_tag-tinsel","9":"product_tag-uni-french-embossed","11":"first","12":"instock","13":"taxable","14":"shipping-taxable","15":"purchasable","16":"product-type-variable"},"jetpack_sharing_enabled":true,"brands":[{"id":813,"name":"UNI","slug":"uni"}],"_links":{"self":[{"href":"https:\/\/tightline.ee\/et\/wp-json\/wp\/v2\/product\/14169","targetHints":{"allow":["GET"]}}],"collection":[{"href":"https:\/\/tightline.ee\/et\/wp-json\/wp\/v2\/product"}],"about":[{"href":"https:\/\/tightline.ee\/et\/wp-json\/wp\/v2\/types\/product"}],"wp:featuredmedia":[{"embeddable":true,"href":"https:\/\/tightline.ee\/et\/wp-json\/wp\/v2\/media\/14170"}],"wp:attachment":[{"href":"https:\/\/tightline.ee\/et\/wp-json\/wp\/v2\/media?parent=14169"}],"wp:term":[{"taxonomy":"pwb-brand","embeddable":true,"href":"https:\/\/tightline.ee\/et\/wp-json\/wp\/v2\/pwb-brand?post=14169"},{"taxonomy":"product_cat","embeddable":true,"href":"https:\/\/tightline.ee\/et\/wp-json\/wp\/v2\/product_cat?post=14169"},{"taxonomy":"product_tag","embeddable":true,"href":"https:\/\/tightline.ee\/et\/wp-json\/wp\/v2\/product_tag?post=14169"}],"curies":[{"name":"wp","href":"https:\/\/api.w.org\/{rel}","templated":true}]}}