{"id":14109,"date":"2025-08-21T16:32:01","date_gmt":"2025-08-21T13:32:01","guid":{"rendered":"https:\/\/tightline.ee\/?post_type=product&#038;p=14109"},"modified":"2025-10-07T13:45:07","modified_gmt":"2025-10-07T10:45:07","slug":"mustad-heritage-ds99s-double-tube","status":"publish","type":"product","link":"https:\/\/tightline.ee\/et\/toode\/mustad-heritage-ds99s-double-tube\/","title":{"rendered":"Mustad Heritage DS99S Double Tube"},"content":{"rendered":"<p>DS99SAP on 5x tugev, 1x l\u00fchike, aassilm sirge silmaga, sepistatud toruk\u00e4rbsekonks. Ideaalne nii Skandinaavia kui ka traditsiooniliste toruk\u00e4rbeste jaoks. DS99SAP on varustatud Mustadi titaanterasest viimistlusega, mis on loodud elegantse v\u00e4limuse ja \u00e4\u00e4rmise soolase veekindluse tagamiseks.<\/p>\n<p>4.8 AlphaPoint\u00ae tehnoloogia<br \/>\nOpti-nurgaga n\u00f5elaots<br \/>\nMikro-okas<br \/>\n5x tugev<br \/>\n1x l\u00fchike vars<br \/>\nAassilm<br \/>\nSepistatud<br \/>\nKarastamata<br \/>\nTitaanterasest viimistlus<br \/>\n10 konksu pakendis<\/p>","protected":false},"excerpt":{"rendered":"<p>DS99SAP on 5x tugev, 1x l\u00fchike, aassilm sirge silmaga, sepistatud toruk\u00e4rbsekonks. Ideaalne nii Skandinaavia kui ka traditsiooniliste toruk\u00e4rbeste jaoks. DS99SAP<\/p>\n","protected":false},"featured_media":14148,"template":"","meta":[],"pwb-brand":[276],"product_cat":[607],"product_tag":[2696,2695,2694],"class_list":{"0":"post-14109","1":"product","2":"type-product","3":"status-publish","4":"has-post-thumbnail","6":"pwb-brand-mustad","7":"product_cat-salmon-double","8":"product_tag-double-tube","9":"product_tag-ds99s","10":"product_tag-heritage","12":"first","13":"instock","14":"taxable","15":"shipping-taxable","16":"purchasable","17":"product-type-variable"},"jetpack_sharing_enabled":true,"brands":[{"id":276,"name":"Mustad","slug":"mustad"}],"_links":{"self":[{"href":"https:\/\/tightline.ee\/et\/wp-json\/wp\/v2\/product\/14109","targetHints":{"allow":["GET"]}}],"collection":[{"href":"https:\/\/tightline.ee\/et\/wp-json\/wp\/v2\/product"}],"about":[{"href":"https:\/\/tightline.ee\/et\/wp-json\/wp\/v2\/types\/product"}],"wp:featuredmedia":[{"embeddable":true,"href":"https:\/\/tightline.ee\/et\/wp-json\/wp\/v2\/media\/14148"}],"wp:attachment":[{"href":"https:\/\/tightline.ee\/et\/wp-json\/wp\/v2\/media?parent=14109"}],"wp:term":[{"taxonomy":"pwb-brand","embeddable":true,"href":"https:\/\/tightline.ee\/et\/wp-json\/wp\/v2\/pwb-brand?post=14109"},{"taxonomy":"product_cat","embeddable":true,"href":"https:\/\/tightline.ee\/et\/wp-json\/wp\/v2\/product_cat?post=14109"},{"taxonomy":"product_tag","embeddable":true,"href":"https:\/\/tightline.ee\/et\/wp-json\/wp\/v2\/product_tag?post=14109"}],"curies":[{"name":"wp","href":"https:\/\/api.w.org\/{rel}","templated":true}]}}