{"id":14092,"date":"2025-07-30T09:09:05","date_gmt":"2025-07-30T06:09:05","guid":{"rendered":"https:\/\/tightline.ee\/?post_type=product&#038;p=14092"},"modified":"2025-10-07T11:32:15","modified_gmt":"2025-10-07T08:32:15","slug":"simms-g4-pro-shift-backpack-used","status":"publish","type":"product","link":"https:\/\/tightline.ee\/et\/toode\/simms-g4-pro-shift-backpack-used\/","title":{"rendered":"Simms G4 Pro Shift Backpack, Kasutatud"},"content":{"rendered":"<p>Heas seisukorras<\/p>\n<p>Simms on selle 2-\u00fches seljakotiga v\u00e4lja tulnud millegi t\u00f5eliselt erilisega. Sellel on integreeritud puusatasku, mis v\u00f5imaldab olulistele varustusele h\u00f5lpsat ligip\u00e4\u00e4su. T\u00f5mmake puusakotti ette v\u00f5i taha ilma igasuguse pingutuseta.<\/p>\n<p>M\u00f5\u00f5tmed: Seljakott: 28 x 62 x 23 cm (11\u201d x 24,4\u201d x 9,1\u201d); Puusakott: 28 x 22 x 17 cm (11\u201d x 8,7\u201d x 6,7\u201d)<br \/>\nMahutavus: 35 l<\/p>","protected":false},"excerpt":{"rendered":"<p>Heas seisukorras Simms on selle 2-\u00fches seljakotiga v\u00e4lja tulnud millegi t\u00f5eliselt erilisega. Sellel on integreeritud puusatasku, mis v\u00f5imaldab olulistele varustusele<\/p>\n","protected":false},"featured_media":14089,"template":"","meta":[],"pwb-brand":[333],"product_cat":[89,99],"product_tag":[1614,2406,350],"class_list":{"0":"post-14092","1":"product","2":"type-product","3":"status-publish","4":"has-post-thumbnail","6":"pwb-brand-simms","7":"product_cat-bags-backpack","8":"product_cat-second-hand","9":"product_tag-backpack","10":"product_tag-g4","11":"product_tag-simms","13":"first","14":"outofstock","15":"sale","16":"taxable","17":"shipping-taxable","18":"purchasable","19":"product-type-simple"},"jetpack_sharing_enabled":true,"brands":[{"id":333,"name":"Simms","slug":"simms"}],"_links":{"self":[{"href":"https:\/\/tightline.ee\/et\/wp-json\/wp\/v2\/product\/14092","targetHints":{"allow":["GET"]}}],"collection":[{"href":"https:\/\/tightline.ee\/et\/wp-json\/wp\/v2\/product"}],"about":[{"href":"https:\/\/tightline.ee\/et\/wp-json\/wp\/v2\/types\/product"}],"wp:featuredmedia":[{"embeddable":true,"href":"https:\/\/tightline.ee\/et\/wp-json\/wp\/v2\/media\/14089"}],"wp:attachment":[{"href":"https:\/\/tightline.ee\/et\/wp-json\/wp\/v2\/media?parent=14092"}],"wp:term":[{"taxonomy":"pwb-brand","embeddable":true,"href":"https:\/\/tightline.ee\/et\/wp-json\/wp\/v2\/pwb-brand?post=14092"},{"taxonomy":"product_cat","embeddable":true,"href":"https:\/\/tightline.ee\/et\/wp-json\/wp\/v2\/product_cat?post=14092"},{"taxonomy":"product_tag","embeddable":true,"href":"https:\/\/tightline.ee\/et\/wp-json\/wp\/v2\/product_tag?post=14092"}],"curies":[{"name":"wp","href":"https:\/\/api.w.org\/{rel}","templated":true}]}}