{"id":14005,"date":"2025-03-26T13:34:13","date_gmt":"2025-03-26T11:34:13","guid":{"rendered":"https:\/\/tightline.ee\/?post_type=product&#038;p=14005"},"modified":"2025-03-26T13:34:13","modified_gmt":"2025-03-26T11:34:13","slug":"patagonia-worn-wear-wader-repair-kit","status":"publish","type":"product","link":"https:\/\/tightline.ee\/et\/toode\/patagonia-worn-wear-wader-repair-kit\/","title":{"rendered":"Patagonia Worn Wear\u2122 Wader Repair Kit"},"content":{"rendered":"<p>See v\u00e4ike komplekt, mis on \u00f5ngitsejate jaoks h\u00e4davajalik, ilma selleta kodust \u00e4ra lahkumata varustus, v\u00f5tab v\u00e4he ruumi, kuid sisaldab k\u00f5ike, mis on vajalik k\u00f5ige tavalisemateks isetegemist\u00f6\u00f6deks (kangalekked, \u00f5mbluste lekked, n\u00f6\u00f6paugulekked, v\u00e4ikesed rebendid ja lekked nii TPU- kui ka neopreenist papudes). Kasutamiseks p\u00f5llul v\u00f5i kodus.<\/p>","protected":false},"excerpt":{"rendered":"<p>See v\u00e4ike komplekt, mis on \u00f5ngitsejate jaoks h\u00e4davajalik, ilma selleta kodust \u00e4ra lahkumata varustus, v\u00f5tab v\u00e4he ruumi, kuid sisaldab k\u00f5ike,<\/p>\n","protected":false},"featured_media":14006,"template":"","meta":[],"pwb-brand":[293],"product_cat":[172,96],"product_tag":[190,326,2673,2674],"class_list":{"0":"post-14005","1":"product","2":"type-product","3":"status-publish","4":"has-post-thumbnail","6":"pwb-brand-patagonia","7":"product_cat-waders","8":"product_cat-accessories-for-fishing","9":"product_tag-kit","10":"product_tag-patagonia","11":"product_tag-repair","12":"product_tag-wader","14":"first","15":"instock","16":"taxable","17":"shipping-taxable","18":"purchasable","19":"product-type-simple"},"jetpack_sharing_enabled":true,"brands":[{"id":293,"name":"Patagonia","slug":"patagonia"}],"_links":{"self":[{"href":"https:\/\/tightline.ee\/et\/wp-json\/wp\/v2\/product\/14005","targetHints":{"allow":["GET"]}}],"collection":[{"href":"https:\/\/tightline.ee\/et\/wp-json\/wp\/v2\/product"}],"about":[{"href":"https:\/\/tightline.ee\/et\/wp-json\/wp\/v2\/types\/product"}],"wp:featuredmedia":[{"embeddable":true,"href":"https:\/\/tightline.ee\/et\/wp-json\/wp\/v2\/media\/14006"}],"wp:attachment":[{"href":"https:\/\/tightline.ee\/et\/wp-json\/wp\/v2\/media?parent=14005"}],"wp:term":[{"taxonomy":"pwb-brand","embeddable":true,"href":"https:\/\/tightline.ee\/et\/wp-json\/wp\/v2\/pwb-brand?post=14005"},{"taxonomy":"product_cat","embeddable":true,"href":"https:\/\/tightline.ee\/et\/wp-json\/wp\/v2\/product_cat?post=14005"},{"taxonomy":"product_tag","embeddable":true,"href":"https:\/\/tightline.ee\/et\/wp-json\/wp\/v2\/product_tag?post=14005"}],"curies":[{"name":"wp","href":"https:\/\/api.w.org\/{rel}","templated":true}]}}