{"id":13952,"date":"2024-10-16T14:03:53","date_gmt":"2024-10-16T11:03:53","guid":{"rendered":"https:\/\/tightline.ee\/?post_type=product&#038;p=13952"},"modified":"2024-10-16T14:17:40","modified_gmt":"2024-10-16T11:17:40","slug":"cnd-i-spey-134-6-7-8-s-p-g-super-power-glass-construction-limited-edition","status":"publish","type":"product","link":"https:\/\/tightline.ee\/et\/toode\/cnd-i-spey-134-6-7-8-s-p-g-super-power-glass-construction-limited-edition\/","title":{"rendered":"CND I Spey 13,4 # 6\/7\/8, \u201cS.P.G. Super power glass construction, Limited Edition"},"content":{"rendered":"<p>CND I Spey 13,4 # 6\/7\/8, \u201cS.P.G. Superv\u00f5imas klaaskonstruktsioon, Limited Edition\u201d topeltk\u00e4siklaaspulk. Fuji triibujuhikud ja tihvt\u00fcmbris, 360 gr. Need vardad on ehitatud nanotehnoloogia abil ja neil on s\u00fcgav koormus ja sujuv taastumistegevus. See sobib suurep\u00e4raselt mitte ainult kaluritele, kes armastavad Spey heitmise kunsti, vaid ka l\u00f5\u00f5gastunud kalap\u00fc\u00fcgiks j\u00f5el.<\/p>\n<p>T\u00e4iesti uus, korgid kinni, ilma toru.<\/p>","protected":false},"excerpt":{"rendered":"<p>CND I Spey 13,4 # 6\/7\/8, \u201cS.P.G. Superv\u00f5imas klaaskonstruktsioon, Limited Edition\u201d topeltk\u00e4siklaaspulk. Fuji triibujuhikud ja tihvt\u00fcmbris, 360 gr. Need vardad<\/p>\n","protected":false},"featured_media":13953,"template":"","meta":[],"pwb-brand":[2159],"product_cat":[102],"product_tag":[2670,2671,2672],"class_list":{"0":"post-13952","1":"product","2":"type-product","3":"status-publish","4":"has-post-thumbnail","6":"pwb-brand-cnd","7":"product_cat-double-hand","8":"product_tag-cnd-i-spey","9":"product_tag-limited-edition","10":"product_tag-super-power-glass","12":"first","13":"instock","14":"taxable","15":"shipping-taxable","16":"purchasable","17":"product-type-simple"},"jetpack_sharing_enabled":true,"brands":[{"id":2159,"name":"CND","slug":"cnd"}],"_links":{"self":[{"href":"https:\/\/tightline.ee\/et\/wp-json\/wp\/v2\/product\/13952","targetHints":{"allow":["GET"]}}],"collection":[{"href":"https:\/\/tightline.ee\/et\/wp-json\/wp\/v2\/product"}],"about":[{"href":"https:\/\/tightline.ee\/et\/wp-json\/wp\/v2\/types\/product"}],"wp:featuredmedia":[{"embeddable":true,"href":"https:\/\/tightline.ee\/et\/wp-json\/wp\/v2\/media\/13953"}],"wp:attachment":[{"href":"https:\/\/tightline.ee\/et\/wp-json\/wp\/v2\/media?parent=13952"}],"wp:term":[{"taxonomy":"pwb-brand","embeddable":true,"href":"https:\/\/tightline.ee\/et\/wp-json\/wp\/v2\/pwb-brand?post=13952"},{"taxonomy":"product_cat","embeddable":true,"href":"https:\/\/tightline.ee\/et\/wp-json\/wp\/v2\/product_cat?post=13952"},{"taxonomy":"product_tag","embeddable":true,"href":"https:\/\/tightline.ee\/et\/wp-json\/wp\/v2\/product_tag?post=13952"}],"curies":[{"name":"wp","href":"https:\/\/api.w.org\/{rel}","templated":true}]}}