{"id":13848,"date":"2024-06-04T14:08:07","date_gmt":"2024-06-04T11:08:07","guid":{"rendered":"https:\/\/tightline.ee\/?post_type=product&#038;p=13848"},"modified":"2025-05-19T12:56:04","modified_gmt":"2025-05-19T09:56:04","slug":"agent-x-line-cleaning-kit","status":"publish","type":"product","link":"https:\/\/tightline.ee\/et\/toode\/agent-x-line-cleaning-kit\/","title":{"rendered":"Agent X Line Cleaning Kit"},"content":{"rendered":"<p>Tippkvaliteetne liinipuhastaja ja -palsam, T\u00e4idab liini puudused. Sisaldab t\u00e4iustatud m\u00e4\u00e4rdeaineid paremaks valamiseks, Suurendab liini ujuvust<\/p>\n<p>Laske kuivada umbes 30 minutit.<\/p>","protected":false},"excerpt":{"rendered":"<p>Tippkvaliteetne liinipuhastaja ja -palsam, T\u00e4idab liini puudused. Sisaldab t\u00e4iustatud m\u00e4\u00e4rdeaineid paremaks valamiseks, Suurendab liini ujuvust Laske kuivada umbes 30 minutit.<\/p>\n","protected":false},"featured_media":13849,"template":"","meta":[],"pwb-brand":[203],"product_cat":[109,110,112,96],"product_tag":[2656,2657],"class_list":{"0":"post-13848","1":"product","2":"type-product","3":"status-publish","4":"has-post-thumbnail","6":"pwb-brand-rio","7":"product_cat-single-hand-fly-lines","8":"product_cat-double-hand-fly-line","9":"product_cat-accesories-heitenoorid","10":"product_cat-accessories-for-fishing","11":"product_tag-agent-x","12":"product_tag-line-cleaning-kit","14":"first","15":"outofstock","16":"sale","17":"taxable","18":"shipping-taxable","19":"purchasable","20":"product-type-simple"},"jetpack_sharing_enabled":true,"brands":[{"id":203,"name":"Rio","slug":"rio"}],"_links":{"self":[{"href":"https:\/\/tightline.ee\/et\/wp-json\/wp\/v2\/product\/13848","targetHints":{"allow":["GET"]}}],"collection":[{"href":"https:\/\/tightline.ee\/et\/wp-json\/wp\/v2\/product"}],"about":[{"href":"https:\/\/tightline.ee\/et\/wp-json\/wp\/v2\/types\/product"}],"wp:featuredmedia":[{"embeddable":true,"href":"https:\/\/tightline.ee\/et\/wp-json\/wp\/v2\/media\/13849"}],"wp:attachment":[{"href":"https:\/\/tightline.ee\/et\/wp-json\/wp\/v2\/media?parent=13848"}],"wp:term":[{"taxonomy":"pwb-brand","embeddable":true,"href":"https:\/\/tightline.ee\/et\/wp-json\/wp\/v2\/pwb-brand?post=13848"},{"taxonomy":"product_cat","embeddable":true,"href":"https:\/\/tightline.ee\/et\/wp-json\/wp\/v2\/product_cat?post=13848"},{"taxonomy":"product_tag","embeddable":true,"href":"https:\/\/tightline.ee\/et\/wp-json\/wp\/v2\/product_tag?post=13848"}],"curies":[{"name":"wp","href":"https:\/\/api.w.org\/{rel}","templated":true}]}}