{"id":13821,"date":"2024-05-12T18:37:15","date_gmt":"2024-05-12T15:37:15","guid":{"rendered":"https:\/\/tightline.ee\/?post_type=product&#038;p=13821"},"modified":"2025-01-26T15:13:17","modified_gmt":"2025-01-26T13:13:17","slug":"loop-opti-nxt-double-hand-rod-9132-4","status":"publish","type":"product","link":"https:\/\/tightline.ee\/et\/toode\/loop-opti-nxt-double-hand-rod-9132-4\/","title":{"rendered":"Loop OPTI NXT DOUBLE HAND ROD 9132-4"},"content":{"rendered":"<p>Meie OPTI NXT seeria on d\u00fcnaamiline lend\u00f5ngede valik, mis on loodud spetsiaalselt kaasaegsete kahek\u00e4eheitetehnikate jaoks<\/p>\n<p>9 Kaal 13&#8217;2 pikkus<\/p>","protected":false},"excerpt":{"rendered":"<p>Meie OPTI NXT seeria on d\u00fcnaamiline lend\u00f5ngede valik, mis on loodud spetsiaalselt kaasaegsete kahek\u00e4eheitetehnikate jaoks 9 Kaal 13&#8217;2 pikkus<\/p>\n","protected":false},"featured_media":13822,"template":"","meta":[],"pwb-brand":[180],"product_cat":[102],"product_tag":[2296,621,189],"class_list":{"0":"post-13821","1":"product","2":"type-product","3":"status-publish","4":"has-post-thumbnail","6":"pwb-brand-loop","7":"product_cat-double-hand","8":"product_tag-double-hand","9":"product_tag-loop","10":"product_tag-rod","12":"first","13":"onbackorder","14":"taxable","15":"shipping-taxable","16":"purchasable","17":"product-type-simple"},"jetpack_sharing_enabled":true,"brands":[{"id":180,"name":"Loop","slug":"loop"}],"_links":{"self":[{"href":"https:\/\/tightline.ee\/et\/wp-json\/wp\/v2\/product\/13821","targetHints":{"allow":["GET"]}}],"collection":[{"href":"https:\/\/tightline.ee\/et\/wp-json\/wp\/v2\/product"}],"about":[{"href":"https:\/\/tightline.ee\/et\/wp-json\/wp\/v2\/types\/product"}],"wp:featuredmedia":[{"embeddable":true,"href":"https:\/\/tightline.ee\/et\/wp-json\/wp\/v2\/media\/13822"}],"wp:attachment":[{"href":"https:\/\/tightline.ee\/et\/wp-json\/wp\/v2\/media?parent=13821"}],"wp:term":[{"taxonomy":"pwb-brand","embeddable":true,"href":"https:\/\/tightline.ee\/et\/wp-json\/wp\/v2\/pwb-brand?post=13821"},{"taxonomy":"product_cat","embeddable":true,"href":"https:\/\/tightline.ee\/et\/wp-json\/wp\/v2\/product_cat?post=13821"},{"taxonomy":"product_tag","embeddable":true,"href":"https:\/\/tightline.ee\/et\/wp-json\/wp\/v2\/product_tag?post=13821"}],"curies":[{"name":"wp","href":"https:\/\/api.w.org\/{rel}","templated":true}]}}