{"id":13304,"date":"2023-10-30T11:30:22","date_gmt":"2023-10-30T09:30:22","guid":{"rendered":"https:\/\/tightline.ee\/?post_type=product&#038;p=13304"},"modified":"2024-02-12T08:55:22","modified_gmt":"2024-02-12T06:55:22","slug":"patagonia-wading-staff","status":"publish","type":"product","link":"https:\/\/tightline.ee\/et\/toode\/patagonia-wading-staff\/","title":{"rendered":"Patagonia Kahlamisvarras"},"content":{"rendered":"<p>Kerge, reguleeritav kahlamisvarras sobib suurep\u00e4raselt nendeks hetkedeks, kui vajate kolmandat kontaktpunkti, olgu siis kahlamisel v\u00f5i matkamisel. S\u00fcsinikkiuga m\u00e4hitud alumiiniumist kahlamisel on kaasas oma kott ja t\u00f5mbur, mis kinnitub kahlamisv\u00f6\u00f6 k\u00fclge. Ergonoomiline vahtplastist k\u00e4epide ja vastupidav karbiidist ots.<\/p>","protected":false},"excerpt":{"rendered":"<p>Kerge, reguleeritav kahlamisvarras sobib suurep\u00e4raselt nendeks hetkedeks, kui vajate kolmandat kontaktpunkti, olgu siis kahlamisel v\u00f5i matkamisel. S\u00fcsinikkiuga m\u00e4hitud alumiiniumist kahlamisel<\/p>\n","protected":false},"featured_media":13305,"template":"","meta":[],"pwb-brand":[293],"product_cat":[117,96],"product_tag":[2575,2576,2577],"class_list":{"0":"post-13304","1":"product","2":"type-product","3":"status-publish","4":"has-post-thumbnail","6":"pwb-brand-patagonia","7":"product_cat-wading-accessories","8":"product_cat-accessories-for-fishing","9":"product_tag-kahlamisvarras","10":"product_tag-wading-stuff","11":"product_tag-2577","13":"first","14":"outofstock","15":"taxable","16":"shipping-taxable","17":"purchasable","18":"product-type-simple"},"jetpack_sharing_enabled":true,"brands":[{"id":293,"name":"Patagonia","slug":"patagonia"}],"_links":{"self":[{"href":"https:\/\/tightline.ee\/et\/wp-json\/wp\/v2\/product\/13304","targetHints":{"allow":["GET"]}}],"collection":[{"href":"https:\/\/tightline.ee\/et\/wp-json\/wp\/v2\/product"}],"about":[{"href":"https:\/\/tightline.ee\/et\/wp-json\/wp\/v2\/types\/product"}],"wp:featuredmedia":[{"embeddable":true,"href":"https:\/\/tightline.ee\/et\/wp-json\/wp\/v2\/media\/13305"}],"wp:attachment":[{"href":"https:\/\/tightline.ee\/et\/wp-json\/wp\/v2\/media?parent=13304"}],"wp:term":[{"taxonomy":"pwb-brand","embeddable":true,"href":"https:\/\/tightline.ee\/et\/wp-json\/wp\/v2\/pwb-brand?post=13304"},{"taxonomy":"product_cat","embeddable":true,"href":"https:\/\/tightline.ee\/et\/wp-json\/wp\/v2\/product_cat?post=13304"},{"taxonomy":"product_tag","embeddable":true,"href":"https:\/\/tightline.ee\/et\/wp-json\/wp\/v2\/product_tag?post=13304"}],"curies":[{"name":"wp","href":"https:\/\/api.w.org\/{rel}","templated":true}]}}