{"id":13182,"date":"2023-07-11T13:32:06","date_gmt":"2023-07-11T10:32:06","guid":{"rendered":"https:\/\/tightline.ee\/?post_type=product&#038;p=13182"},"modified":"2024-04-30T11:35:24","modified_gmt":"2024-04-30T08:35:24","slug":"uv-fly-finish-hot-green","status":"publish","type":"product","link":"https:\/\/tightline.ee\/et\/toode\/uv-fly-finish-hot-green\/","title":{"rendered":"UV  Fly Finish Hot Green"},"content":{"rendered":"<p>UV selge k\u00e4rbse viimistlus<br \/>\nNii madala kui m\u00f5ne jala s\u00fcgavusel v\u00f5ivad isegi eredad k\u00e4rbsed tunduda tuhmid ja kaduda pimedas veealuses maailmas taustal.<\/p>\n<p>Omadused<br \/>\n\u00d5huke UV-ga k\u00f5venev vaik<br \/>\nV\u00f5imaldab l\u00f5pmatut t\u00f6\u00f6aega<br \/>\nK\u00f5veneb UV-valguse k\u00e4es koheselt<br \/>\nRavib k\u00f5vasti ja selgelt<br \/>\nIdeaalne peeneks kasutamiseks<br \/>\nKomplekti kuulub pintsli aplikaator<\/p>","protected":false},"excerpt":{"rendered":"<p>UV selge k\u00e4rbse viimistlus Nii madala kui m\u00f5ne jala s\u00fcgavusel v\u00f5ivad isegi eredad k\u00e4rbsed tunduda tuhmid ja kaduda pimedas veealuses<\/p>\n","protected":false},"featured_media":13648,"template":"","meta":[],"pwb-brand":[199],"product_cat":[167],"product_tag":[1184,1182,1188,743,1183],"class_list":{"0":"post-13182","1":"product","2":"type-product","3":"status-publish","4":"has-post-thumbnail","6":"pwb-brand-loon","7":"product_cat-fly-tying-varnish-glue-dyes","8":"product_tag-cellire","9":"product_tag-varnish","10":"product_tag-zap-a-gap","11":"product_tag-743","12":"product_tag-1183","14":"first","15":"instock","16":"sale","17":"taxable","18":"shipping-taxable","19":"purchasable","20":"product-type-simple"},"jetpack_sharing_enabled":true,"brands":[{"id":199,"name":"Loon","slug":"loon"}],"_links":{"self":[{"href":"https:\/\/tightline.ee\/et\/wp-json\/wp\/v2\/product\/13182","targetHints":{"allow":["GET"]}}],"collection":[{"href":"https:\/\/tightline.ee\/et\/wp-json\/wp\/v2\/product"}],"about":[{"href":"https:\/\/tightline.ee\/et\/wp-json\/wp\/v2\/types\/product"}],"wp:featuredmedia":[{"embeddable":true,"href":"https:\/\/tightline.ee\/et\/wp-json\/wp\/v2\/media\/13648"}],"wp:attachment":[{"href":"https:\/\/tightline.ee\/et\/wp-json\/wp\/v2\/media?parent=13182"}],"wp:term":[{"taxonomy":"pwb-brand","embeddable":true,"href":"https:\/\/tightline.ee\/et\/wp-json\/wp\/v2\/pwb-brand?post=13182"},{"taxonomy":"product_cat","embeddable":true,"href":"https:\/\/tightline.ee\/et\/wp-json\/wp\/v2\/product_cat?post=13182"},{"taxonomy":"product_tag","embeddable":true,"href":"https:\/\/tightline.ee\/et\/wp-json\/wp\/v2\/product_tag?post=13182"}],"curies":[{"name":"wp","href":"https:\/\/api.w.org\/{rel}","templated":true}]}}