{"id":13168,"date":"2023-07-06T16:13:09","date_gmt":"2023-07-06T13:13:09","guid":{"rendered":"https:\/\/tightline.ee\/?post_type=product&#038;p=13168"},"modified":"2024-04-29T18:40:49","modified_gmt":"2024-04-29T15:40:49","slug":"cnd-gravity-double-hand-rod","status":"publish","type":"product","link":"https:\/\/tightline.ee\/et\/toode\/cnd-gravity-double-hand-rod\/","title":{"rendered":"CND Gravity Double Hand Rod"},"content":{"rendered":"<p>K\u00f5ikidel CND vardadel on Fuji Titanium KW juhikud ja roostevabast terasest maor\u00f5ngad.<br \/>\nKahek\u00e4elised k\u00e4epidemed on valmistatud Portugalist p\u00e4rit superkvaliteediga korgist.<br \/>\nKohandatud rullipesa, mille valmistas ALPS Tackle.<br \/>\ntumeroheline viimistlus tooriku v\u00e4rv rohelised m\u00e4hised ja h\u00f5bedased metallist \u00e4\u00e4ristused.<br \/>\nK\u00f5ik vardad tarnitakse k\u00f5rgekvaliteedilises vardatorus koos kaitsekotiga.<\/p>","protected":false},"excerpt":{"rendered":"<p>K\u00f5ikidel CND vardadel on Fuji Titanium KW juhikud ja roostevabast terasest maor\u00f5ngad. Kahek\u00e4elised k\u00e4epidemed on valmistatud Portugalist p\u00e4rit superkvaliteediga korgist.<\/p>\n","protected":false},"featured_media":13522,"template":"","meta":[],"pwb-brand":[2159],"product_cat":[102],"product_tag":[2614,2615],"class_list":{"0":"post-13168","1":"product","2":"type-product","3":"status-publish","4":"has-post-thumbnail","6":"pwb-brand-cnd","7":"product_cat-double-hand","8":"product_tag-cnd","9":"product_tag-gravity","11":"first","12":"onbackorder","13":"taxable","14":"shipping-taxable","15":"purchasable","16":"product-type-variable"},"jetpack_sharing_enabled":true,"brands":[{"id":2159,"name":"CND","slug":"cnd"}],"_links":{"self":[{"href":"https:\/\/tightline.ee\/et\/wp-json\/wp\/v2\/product\/13168","targetHints":{"allow":["GET"]}}],"collection":[{"href":"https:\/\/tightline.ee\/et\/wp-json\/wp\/v2\/product"}],"about":[{"href":"https:\/\/tightline.ee\/et\/wp-json\/wp\/v2\/types\/product"}],"wp:featuredmedia":[{"embeddable":true,"href":"https:\/\/tightline.ee\/et\/wp-json\/wp\/v2\/media\/13522"}],"wp:attachment":[{"href":"https:\/\/tightline.ee\/et\/wp-json\/wp\/v2\/media?parent=13168"}],"wp:term":[{"taxonomy":"pwb-brand","embeddable":true,"href":"https:\/\/tightline.ee\/et\/wp-json\/wp\/v2\/pwb-brand?post=13168"},{"taxonomy":"product_cat","embeddable":true,"href":"https:\/\/tightline.ee\/et\/wp-json\/wp\/v2\/product_cat?post=13168"},{"taxonomy":"product_tag","embeddable":true,"href":"https:\/\/tightline.ee\/et\/wp-json\/wp\/v2\/product_tag?post=13168"}],"curies":[{"name":"wp","href":"https:\/\/api.w.org\/{rel}","templated":true}]}}