{"id":13142,"date":"2023-06-01T13:38:45","date_gmt":"2023-06-01T10:38:45","guid":{"rendered":"https:\/\/tightline.ee\/?post_type=product&#038;p=13142"},"modified":"2024-04-29T23:44:43","modified_gmt":"2024-04-29T20:44:43","slug":"loop-opti-160-universal-fly-box","status":"publish","type":"product","link":"https:\/\/tightline.ee\/et\/toode\/loop-opti-160-universal-fly-box\/","title":{"rendered":"Loop OPTI 160 UNIVERSAL FLY BOX"},"content":{"rendered":"<p>Unikaalse ergonoomilise disainiga \u00fcldotstarbeline k\u00e4rbsekast mitmesuguste k\u00e4rbeste hoidmiseks.<\/p>\n<p>Kaal: 225g<br \/>\nLennuv\u00f5ime: 300 \u00fcksikut k\u00e4rbest<\/p>\n<p>160 * 100 * 38 mm<\/p>","protected":false},"excerpt":{"rendered":"<p>Unikaalse ergonoomilise disainiga \u00fcldotstarbeline k\u00e4rbsekast mitmesuguste k\u00e4rbeste hoidmiseks. Kaal: 225g Lennuv\u00f5ime: 300 \u00fcksikut k\u00e4rbest 160 * 100 * 38 mm<\/p>\n","protected":false},"featured_media":13565,"template":"","meta":[],"pwb-brand":[180],"product_cat":[92],"product_tag":[2261,621,2385,624,2440],"class_list":{"0":"post-13142","1":"product","2":"type-product","3":"status-publish","4":"has-post-thumbnail","6":"pwb-brand-loop","7":"product_cat-fly-boxes","8":"product_tag-fly-box","9":"product_tag-loop","10":"product_tag-opti","11":"product_tag-tube","12":"product_tag-tubefly","14":"first","15":"instock","16":"taxable","17":"shipping-taxable","18":"purchasable","19":"product-type-simple"},"jetpack_sharing_enabled":true,"brands":[{"id":180,"name":"Loop","slug":"loop"}],"_links":{"self":[{"href":"https:\/\/tightline.ee\/et\/wp-json\/wp\/v2\/product\/13142","targetHints":{"allow":["GET"]}}],"collection":[{"href":"https:\/\/tightline.ee\/et\/wp-json\/wp\/v2\/product"}],"about":[{"href":"https:\/\/tightline.ee\/et\/wp-json\/wp\/v2\/types\/product"}],"wp:featuredmedia":[{"embeddable":true,"href":"https:\/\/tightline.ee\/et\/wp-json\/wp\/v2\/media\/13565"}],"wp:attachment":[{"href":"https:\/\/tightline.ee\/et\/wp-json\/wp\/v2\/media?parent=13142"}],"wp:term":[{"taxonomy":"pwb-brand","embeddable":true,"href":"https:\/\/tightline.ee\/et\/wp-json\/wp\/v2\/pwb-brand?post=13142"},{"taxonomy":"product_cat","embeddable":true,"href":"https:\/\/tightline.ee\/et\/wp-json\/wp\/v2\/product_cat?post=13142"},{"taxonomy":"product_tag","embeddable":true,"href":"https:\/\/tightline.ee\/et\/wp-json\/wp\/v2\/product_tag?post=13142"}],"curies":[{"name":"wp","href":"https:\/\/api.w.org\/{rel}","templated":true}]}}