{"id":13138,"date":"2023-05-28T14:10:16","date_gmt":"2023-05-28T11:10:16","guid":{"rendered":"https:\/\/tightline.ee\/?post_type=product&#038;p=13138"},"modified":"2025-08-19T15:12:07","modified_gmt":"2025-08-19T12:12:07","slug":"flip-focal-magnifier","status":"publish","type":"product","link":"https:\/\/tightline.ee\/et\/toode\/flip-focal-magnifier\/","title":{"rendered":"Flip Focal Magnifier"},"content":{"rendered":"","protected":false},"excerpt":{"rendered":"<p>See Flip-Focal luup on kompaktne ja kerge luup, mis kinnitatakse kindlalt kalastusm\u00fctsi v\u00f5i visiiri serva k\u00fclge ja keeratakse alla, et lennult sidudes saaks kohese 2,5-kordse suurenduse.<br \/>\nValmistatud USA-s<\/p>\n","protected":false},"featured_media":13139,"template":"","meta":[],"pwb-brand":[2604],"product_cat":[93,96],"product_tag":[2605,2606],"class_list":{"0":"post-13138","1":"product","2":"type-product","3":"status-publish","4":"has-post-thumbnail","6":"pwb-brand-flip-focal","7":"product_cat-flies","8":"product_cat-accessories-for-fishing","9":"product_tag-flip-focal","10":"product_tag-magnifier","12":"first","13":"instock","14":"taxable","15":"shipping-taxable","16":"purchasable","17":"product-type-simple"},"jetpack_sharing_enabled":true,"brands":[{"id":2604,"name":"Flip Focal","slug":"flip-focal"}],"_links":{"self":[{"href":"https:\/\/tightline.ee\/et\/wp-json\/wp\/v2\/product\/13138","targetHints":{"allow":["GET"]}}],"collection":[{"href":"https:\/\/tightline.ee\/et\/wp-json\/wp\/v2\/product"}],"about":[{"href":"https:\/\/tightline.ee\/et\/wp-json\/wp\/v2\/types\/product"}],"wp:featuredmedia":[{"embeddable":true,"href":"https:\/\/tightline.ee\/et\/wp-json\/wp\/v2\/media\/13139"}],"wp:attachment":[{"href":"https:\/\/tightline.ee\/et\/wp-json\/wp\/v2\/media?parent=13138"}],"wp:term":[{"taxonomy":"pwb-brand","embeddable":true,"href":"https:\/\/tightline.ee\/et\/wp-json\/wp\/v2\/pwb-brand?post=13138"},{"taxonomy":"product_cat","embeddable":true,"href":"https:\/\/tightline.ee\/et\/wp-json\/wp\/v2\/product_cat?post=13138"},{"taxonomy":"product_tag","embeddable":true,"href":"https:\/\/tightline.ee\/et\/wp-json\/wp\/v2\/product_tag?post=13138"}],"curies":[{"name":"wp","href":"https:\/\/api.w.org\/{rel}","templated":true}]}}