{"id":13117,"date":"2023-05-14T21:43:22","date_gmt":"2023-05-14T18:43:22","guid":{"rendered":"https:\/\/tightline.ee\/?post_type=product&#038;p=13117"},"modified":"2025-09-28T20:40:40","modified_gmt":"2025-09-28T17:40:40","slug":"loop-marauder-pike-predator-line-9f","status":"publish","type":"product","link":"https:\/\/tightline.ee\/et\/toode\/loop-marauder-pike-predator-line-9f\/","title":{"rendered":"Loop Marauder  Pike\/Predator Line WF9F"},"content":{"rendered":"<p>Liin ujub<\/p>\n<p>Pike\/Predator liin, mille saate valida, kui soovite h\u00f5lpsalt visata suuri ja p\u00f5\u00f5said k\u00e4rbseid. Selle profiil teeb ka tuulde heitmise v\u00e4ga lihtsaks.<\/p>\n<p>Pea 9,13m, Selja koonus 3,96m, Jooksujoon 16m<\/p>","protected":false},"excerpt":{"rendered":"<p>Liin ujub Pike\/Predator liin, mille saate valida, kui soovite h\u00f5lpsalt visata suuri ja p\u00f5\u00f5said k\u00e4rbseid. Selle profiil teeb ka tuulde<\/p>\n","protected":false},"featured_media":13530,"template":"","meta":[],"pwb-brand":[180],"product_cat":[109],"product_tag":[204,197,2602,205],"class_list":{"0":"post-13117","1":"product","2":"type-product","3":"status-publish","4":"has-post-thumbnail","6":"pwb-brand-loop","7":"product_cat-single-hand-fly-lines","8":"product_tag-fly-line","9":"product_tag-pike","10":"product_tag-predator","11":"product_tag-205","13":"first","14":"outofstock","15":"taxable","16":"shipping-taxable","17":"purchasable","18":"product-type-simple"},"jetpack_sharing_enabled":true,"brands":[{"id":180,"name":"Loop","slug":"loop"}],"_links":{"self":[{"href":"https:\/\/tightline.ee\/et\/wp-json\/wp\/v2\/product\/13117","targetHints":{"allow":["GET"]}}],"collection":[{"href":"https:\/\/tightline.ee\/et\/wp-json\/wp\/v2\/product"}],"about":[{"href":"https:\/\/tightline.ee\/et\/wp-json\/wp\/v2\/types\/product"}],"wp:featuredmedia":[{"embeddable":true,"href":"https:\/\/tightline.ee\/et\/wp-json\/wp\/v2\/media\/13530"}],"wp:attachment":[{"href":"https:\/\/tightline.ee\/et\/wp-json\/wp\/v2\/media?parent=13117"}],"wp:term":[{"taxonomy":"pwb-brand","embeddable":true,"href":"https:\/\/tightline.ee\/et\/wp-json\/wp\/v2\/pwb-brand?post=13117"},{"taxonomy":"product_cat","embeddable":true,"href":"https:\/\/tightline.ee\/et\/wp-json\/wp\/v2\/product_cat?post=13117"},{"taxonomy":"product_tag","embeddable":true,"href":"https:\/\/tightline.ee\/et\/wp-json\/wp\/v2\/product_tag?post=13117"}],"curies":[{"name":"wp","href":"https:\/\/api.w.org\/{rel}","templated":true}]}}