{"id":12912,"date":"2023-04-21T17:43:34","date_gmt":"2023-04-21T14:43:34","guid":{"rendered":"https:\/\/tightline.ee\/?post_type=product&#038;p=12912"},"modified":"2023-04-21T17:51:13","modified_gmt":"2023-04-21T14:51:13","slug":"pike-dubbing","status":"publish","type":"product","link":"https:\/\/tightline.ee\/et\/toode\/pike-dubbing\/","title":{"rendered":"Pike Dubbing"},"content":{"rendered":"<p>See ainulaadne dubleerimine kuni 100 mm pikkuste niididega haugik\u00e4rbeste ja mereveek\u00e4rbeste sidumiseks. See koosneb peentest kortsutatud \u00fcmarkiududest ja lamedast kortsutatud kiududest, mis imiteerivad v\u00e4ikseid kalasoomusi. Iga v\u00e4rv koosneb mitmest toonist ja tavaliselt umbes 1\/3 kiududest peegeldavad UV-valgust. \u00dcldmulje on seega suurep\u00e4rane. Ei ole lisatud v\u00e4lgukiude, seega sobib k\u00e4rbsemustrite jaoks kalastamiseks selges, l\u00e4bipaistvas vees. Rikkalik 2grammine pakk!<\/p>","protected":false},"excerpt":{"rendered":"<p>See ainulaadne dubleerimine kuni 100 mm pikkuste niididega haugik\u00e4rbeste ja mereveek\u00e4rbeste sidumiseks. See koosneb peentest kortsutatud \u00fcmarkiududest ja lamedast kortsutatud<\/p>\n","protected":false},"featured_media":12913,"template":"","meta":[],"pwb-brand":[1789],"product_cat":[161],"product_tag":[1790,1782,1780,1162,1791,970,1792,1793,597,197,2597,2598],"class_list":{"0":"post-12912","1":"product","2":"type-product","3":"status-publish","4":"has-post-thumbnail","6":"pwb-brand-sybai","7":"product_cat-dubbing","8":"product_tag-10-color","9":"product_tag-assortment","10":"product_tag-dispenser","11":"product_tag-dubbing","12":"product_tag-fine","13":"product_tag-flash","14":"product_tag-ice","15":"product_tag-ice-dub","16":"product_tag-nymph","17":"product_tag-pike","18":"product_tag-salmo","19":"product_tag-supreme","21":"first","22":"instock","23":"taxable","24":"shipping-taxable","25":"purchasable","26":"product-type-variable"},"jetpack_sharing_enabled":true,"brands":[{"id":1789,"name":"Sybai","slug":"sybai"}],"_links":{"self":[{"href":"https:\/\/tightline.ee\/et\/wp-json\/wp\/v2\/product\/12912","targetHints":{"allow":["GET"]}}],"collection":[{"href":"https:\/\/tightline.ee\/et\/wp-json\/wp\/v2\/product"}],"about":[{"href":"https:\/\/tightline.ee\/et\/wp-json\/wp\/v2\/types\/product"}],"wp:featuredmedia":[{"embeddable":true,"href":"https:\/\/tightline.ee\/et\/wp-json\/wp\/v2\/media\/12913"}],"wp:attachment":[{"href":"https:\/\/tightline.ee\/et\/wp-json\/wp\/v2\/media?parent=12912"}],"wp:term":[{"taxonomy":"pwb-brand","embeddable":true,"href":"https:\/\/tightline.ee\/et\/wp-json\/wp\/v2\/pwb-brand?post=12912"},{"taxonomy":"product_cat","embeddable":true,"href":"https:\/\/tightline.ee\/et\/wp-json\/wp\/v2\/product_cat?post=12912"},{"taxonomy":"product_tag","embeddable":true,"href":"https:\/\/tightline.ee\/et\/wp-json\/wp\/v2\/product_tag?post=12912"}],"curies":[{"name":"wp","href":"https:\/\/api.w.org\/{rel}","templated":true}]}}