{"id":12910,"date":"2023-04-21T17:41:32","date_gmt":"2023-04-21T14:41:32","guid":{"rendered":"https:\/\/tightline.ee\/?post_type=product&#038;p=12910"},"modified":"2025-09-14T13:30:32","modified_gmt":"2025-09-14T10:30:32","slug":"salmo-supreme-dubbing","status":"publish","type":"product","link":"https:\/\/tightline.ee\/et\/toode\/salmo-supreme-dubbing\/","title":{"rendered":"Salmo Supreme Dubbing"},"content":{"rendered":"<p>Tuntud ja v\u00e4ga populaarse dubleerimise t\u00e4iustatud versioon, mis on valmistatud Angel Hair, peente v\u00e4lgukiudude ja trilobaalsete kiudude seguna. T\u00e4nu v\u00e4ga laiale v\u00e4rvispektrile saab seda kasutada mitte ainult l\u00f5he- ja teraspea-k\u00e4rbeste, vaid ka mageveek\u00e4rbeste jaoks. Kiu pikkus on kuni 70 mm.<\/p>","protected":false},"excerpt":{"rendered":"<p>Tuntud ja v\u00e4ga populaarse dubleerimise t\u00e4iustatud versioon, mis on valmistatud Angel Hair, peente v\u00e4lgukiudude ja trilobaalsete kiudude seguna. T\u00e4nu v\u00e4ga<\/p>\n","protected":false},"featured_media":12911,"template":"","meta":[],"pwb-brand":[1789],"product_cat":[161],"product_tag":[1790,1782,1780,1162,1791,970,1792,1793,597,197,2597,2598],"class_list":{"0":"post-12910","1":"product","2":"type-product","3":"status-publish","4":"has-post-thumbnail","6":"pwb-brand-sybai","7":"product_cat-dubbing","8":"product_tag-10-color","9":"product_tag-assortment","10":"product_tag-dispenser","11":"product_tag-dubbing","12":"product_tag-fine","13":"product_tag-flash","14":"product_tag-ice","15":"product_tag-ice-dub","16":"product_tag-nymph","17":"product_tag-pike","18":"product_tag-salmo","19":"product_tag-supreme","21":"first","22":"instock","23":"taxable","24":"shipping-taxable","25":"purchasable","26":"product-type-simple"},"jetpack_sharing_enabled":true,"brands":[{"id":1789,"name":"Sybai","slug":"sybai"}],"_links":{"self":[{"href":"https:\/\/tightline.ee\/et\/wp-json\/wp\/v2\/product\/12910","targetHints":{"allow":["GET"]}}],"collection":[{"href":"https:\/\/tightline.ee\/et\/wp-json\/wp\/v2\/product"}],"about":[{"href":"https:\/\/tightline.ee\/et\/wp-json\/wp\/v2\/types\/product"}],"wp:featuredmedia":[{"embeddable":true,"href":"https:\/\/tightline.ee\/et\/wp-json\/wp\/v2\/media\/12911"}],"wp:attachment":[{"href":"https:\/\/tightline.ee\/et\/wp-json\/wp\/v2\/media?parent=12910"}],"wp:term":[{"taxonomy":"pwb-brand","embeddable":true,"href":"https:\/\/tightline.ee\/et\/wp-json\/wp\/v2\/pwb-brand?post=12910"},{"taxonomy":"product_cat","embeddable":true,"href":"https:\/\/tightline.ee\/et\/wp-json\/wp\/v2\/product_cat?post=12910"},{"taxonomy":"product_tag","embeddable":true,"href":"https:\/\/tightline.ee\/et\/wp-json\/wp\/v2\/product_tag?post=12910"}],"curies":[{"name":"wp","href":"https:\/\/api.w.org\/{rel}","templated":true}]}}