{"id":12895,"date":"2023-04-21T17:33:30","date_gmt":"2023-04-21T14:33:30","guid":{"rendered":"https:\/\/tightline.ee\/?post_type=product&#038;p=12895"},"modified":"2024-01-20T00:47:14","modified_gmt":"2024-01-19T22:47:14","slug":"nymph-supreme-dubbing","status":"publish","type":"product","link":"https:\/\/tightline.ee\/et\/toode\/nymph-supreme-dubbing\/","title":{"rendered":"Nymph Supreme Dubbing"},"content":{"rendered":"<p>Ainulaadne looduslike ja s\u00fcnteetiliste kiudude segu, mis sobib suurep\u00e4raselt n\u00fcmfi rinnale ja kehale.<\/p>","protected":false},"excerpt":{"rendered":"<p>Ainulaadne looduslike ja s\u00fcnteetiliste kiudude segu, mis sobib suurep\u00e4raselt n\u00fcmfi rinnale ja kehale.<\/p>\n","protected":false},"featured_media":12905,"template":"","meta":[],"pwb-brand":[1789],"product_cat":[161],"product_tag":[1790,1782,1780,1162,1791,1792,1793,597],"class_list":{"0":"post-12895","1":"product","2":"type-product","3":"status-publish","4":"has-post-thumbnail","6":"pwb-brand-sybai","7":"product_cat-dubbing","8":"product_tag-10-color","9":"product_tag-assortment","10":"product_tag-dispenser","11":"product_tag-dubbing","12":"product_tag-fine","13":"product_tag-ice","14":"product_tag-ice-dub","15":"product_tag-nymph","17":"first","18":"outofstock","19":"taxable","20":"shipping-taxable","21":"purchasable","22":"product-type-simple"},"jetpack_sharing_enabled":true,"brands":[{"id":1789,"name":"Sybai","slug":"sybai"}],"_links":{"self":[{"href":"https:\/\/tightline.ee\/et\/wp-json\/wp\/v2\/product\/12895","targetHints":{"allow":["GET"]}}],"collection":[{"href":"https:\/\/tightline.ee\/et\/wp-json\/wp\/v2\/product"}],"about":[{"href":"https:\/\/tightline.ee\/et\/wp-json\/wp\/v2\/types\/product"}],"wp:featuredmedia":[{"embeddable":true,"href":"https:\/\/tightline.ee\/et\/wp-json\/wp\/v2\/media\/12905"}],"wp:attachment":[{"href":"https:\/\/tightline.ee\/et\/wp-json\/wp\/v2\/media?parent=12895"}],"wp:term":[{"taxonomy":"pwb-brand","embeddable":true,"href":"https:\/\/tightline.ee\/et\/wp-json\/wp\/v2\/pwb-brand?post=12895"},{"taxonomy":"product_cat","embeddable":true,"href":"https:\/\/tightline.ee\/et\/wp-json\/wp\/v2\/product_cat?post=12895"},{"taxonomy":"product_tag","embeddable":true,"href":"https:\/\/tightline.ee\/et\/wp-json\/wp\/v2\/product_tag?post=12895"}],"curies":[{"name":"wp","href":"https:\/\/api.w.org\/{rel}","templated":true}]}}