{"id":12879,"date":"2023-04-21T17:23:21","date_gmt":"2023-04-21T14:23:21","guid":{"rendered":"https:\/\/tightline.ee\/?post_type=product&#038;p=12879"},"modified":"2025-10-09T16:48:21","modified_gmt":"2025-10-09T13:48:21","slug":"electric-flash-dubbing","status":"publish","type":"product","link":"https:\/\/tightline.ee\/et\/toode\/electric-flash-dubbing\/","title":{"rendered":"Electric Flash Dubbing"},"content":{"rendered":"<p>Suurep\u00e4rane, ainulaadne dubleerimine v\u00e4ga erksates v\u00e4rvides, mis reageerivad valguse UV-komponendile (isegi v\u00e4ga v\u00e4hese p\u00e4ikesepaiste korral s\u00fcttib see s\u00fcgavalt). See on moodustatud sirgetest kiududest pikkusega kuni 50 mm. P\u00e4rlmutter v\u00f5i UV-peegeldus. Universaalne kasutus \u2013 n\u00e4iteks k\u00e4rbeste otsad, tiivad, sabad &#8230;<\/p>","protected":false},"excerpt":{"rendered":"<p>Suurep\u00e4rane, ainulaadne dubleerimine v\u00e4ga erksates v\u00e4rvides, mis reageerivad valguse UV-komponendile (isegi v\u00e4ga v\u00e4hese p\u00e4ikesepaiste korral s\u00fcttib see s\u00fcgavalt). See on<\/p>\n","protected":false},"featured_media":12892,"template":"","meta":[],"pwb-brand":[1789],"product_cat":[161],"product_tag":[1790,1782,1780,1162,2596,1791,2595,1792,1793],"class_list":{"0":"post-12879","1":"product","2":"type-product","3":"status-publish","4":"has-post-thumbnail","6":"pwb-brand-sybai","7":"product_cat-dubbing","8":"product_tag-10-color","9":"product_tag-assortment","10":"product_tag-dispenser","11":"product_tag-dubbing","12":"product_tag-electric","13":"product_tag-fine","14":"product_tag-fine-flash","15":"product_tag-ice","16":"product_tag-ice-dub","18":"first","19":"instock","20":"taxable","21":"shipping-taxable","22":"purchasable","23":"product-type-variable"},"jetpack_sharing_enabled":true,"brands":[{"id":1789,"name":"Sybai","slug":"sybai"}],"_links":{"self":[{"href":"https:\/\/tightline.ee\/et\/wp-json\/wp\/v2\/product\/12879","targetHints":{"allow":["GET"]}}],"collection":[{"href":"https:\/\/tightline.ee\/et\/wp-json\/wp\/v2\/product"}],"about":[{"href":"https:\/\/tightline.ee\/et\/wp-json\/wp\/v2\/types\/product"}],"wp:featuredmedia":[{"embeddable":true,"href":"https:\/\/tightline.ee\/et\/wp-json\/wp\/v2\/media\/12892"}],"wp:attachment":[{"href":"https:\/\/tightline.ee\/et\/wp-json\/wp\/v2\/media?parent=12879"}],"wp:term":[{"taxonomy":"pwb-brand","embeddable":true,"href":"https:\/\/tightline.ee\/et\/wp-json\/wp\/v2\/pwb-brand?post=12879"},{"taxonomy":"product_cat","embeddable":true,"href":"https:\/\/tightline.ee\/et\/wp-json\/wp\/v2\/product_cat?post=12879"},{"taxonomy":"product_tag","embeddable":true,"href":"https:\/\/tightline.ee\/et\/wp-json\/wp\/v2\/product_tag?post=12879"}],"curies":[{"name":"wp","href":"https:\/\/api.w.org\/{rel}","templated":true}]}}