{"id":12864,"date":"2023-04-21T16:54:28","date_gmt":"2023-04-21T13:54:28","guid":{"rendered":"https:\/\/tightline.ee\/?post_type=product&#038;p=12864"},"modified":"2025-08-25T12:36:55","modified_gmt":"2025-08-25T09:36:55","slug":"fine-flash-dubbing","status":"publish","type":"product","link":"https:\/\/tightline.ee\/et\/toode\/fine-flash-dubbing\/","title":{"rendered":"Fine Flash Dubbing"},"content":{"rendered":"<p>Peene l\u00e4bim\u00f5\u00f5duga Flashabou tekstuuriga s\u00fcnteetiline dubleerimine. V\u00f5ib segada teiste dubleerimismaterjalidega. Ideaalne l\u00e4ikiva soolase vee, voodri, n\u00fcmfi ja m\u00e4rgade k\u00e4rbeste kehade kiireks moodustamiseks.<\/p>","protected":false},"excerpt":{"rendered":"<p>Peene l\u00e4bim\u00f5\u00f5duga Flashabou tekstuuriga s\u00fcnteetiline dubleerimine. V\u00f5ib segada teiste dubleerimismaterjalidega. Ideaalne l\u00e4ikiva soolase vee, voodri, n\u00fcmfi ja m\u00e4rgade k\u00e4rbeste kehade<\/p>\n","protected":false},"featured_media":12878,"template":"","meta":[],"pwb-brand":[1789],"product_cat":[161],"product_tag":[1790,1782,1780,1162,1791,2595,1792,1793],"class_list":{"0":"post-12864","1":"product","2":"type-product","3":"status-publish","4":"has-post-thumbnail","6":"pwb-brand-sybai","7":"product_cat-dubbing","8":"product_tag-10-color","9":"product_tag-assortment","10":"product_tag-dispenser","11":"product_tag-dubbing","12":"product_tag-fine","13":"product_tag-fine-flash","14":"product_tag-ice","15":"product_tag-ice-dub","17":"first","18":"instock","19":"taxable","20":"shipping-taxable","21":"purchasable","22":"product-type-variable"},"jetpack_sharing_enabled":true,"brands":[{"id":1789,"name":"Sybai","slug":"sybai"}],"_links":{"self":[{"href":"https:\/\/tightline.ee\/et\/wp-json\/wp\/v2\/product\/12864","targetHints":{"allow":["GET"]}}],"collection":[{"href":"https:\/\/tightline.ee\/et\/wp-json\/wp\/v2\/product"}],"about":[{"href":"https:\/\/tightline.ee\/et\/wp-json\/wp\/v2\/types\/product"}],"wp:featuredmedia":[{"embeddable":true,"href":"https:\/\/tightline.ee\/et\/wp-json\/wp\/v2\/media\/12878"}],"wp:attachment":[{"href":"https:\/\/tightline.ee\/et\/wp-json\/wp\/v2\/media?parent=12864"}],"wp:term":[{"taxonomy":"pwb-brand","embeddable":true,"href":"https:\/\/tightline.ee\/et\/wp-json\/wp\/v2\/pwb-brand?post=12864"},{"taxonomy":"product_cat","embeddable":true,"href":"https:\/\/tightline.ee\/et\/wp-json\/wp\/v2\/product_cat?post=12864"},{"taxonomy":"product_tag","embeddable":true,"href":"https:\/\/tightline.ee\/et\/wp-json\/wp\/v2\/product_tag?post=12864"}],"curies":[{"name":"wp","href":"https:\/\/api.w.org\/{rel}","templated":true}]}}