{"id":12840,"date":"2023-04-17T18:18:55","date_gmt":"2023-04-17T15:18:55","guid":{"rendered":"https:\/\/tightline.ee\/?post_type=product&#038;p=12840"},"modified":"2024-04-30T09:57:46","modified_gmt":"2024-04-30T06:57:46","slug":"spectra-flash-10-color-dubbing-dispenser","status":"publish","type":"product","link":"https:\/\/tightline.ee\/et\/toode\/spectra-flash-10-color-dubbing-dispenser\/","title":{"rendered":"Spectra Flash- 10 Color Dubbing Dispenser"},"content":{"rendered":"<p>Peen l\u00e4bim\u00f5\u00f5t. Flashabou tekstuuriga s\u00fcnteetiline dubbing. Multi-Spectra kuma.<\/p>","protected":false},"excerpt":{"rendered":"<p>Peen l\u00e4bim\u00f5\u00f5t. Flashabou tekstuuriga s\u00fcnteetiline dubbing. Multi-Spectra kuma.<\/p>\n","protected":false},"featured_media":12841,"template":"","meta":[],"pwb-brand":[1789],"product_cat":[1784,161],"product_tag":[1790,1782,1780,1162,1791,1792,1793],"class_list":{"0":"post-12840","1":"product","2":"type-product","3":"status-publish","4":"has-post-thumbnail","6":"pwb-brand-sybai","7":"product_cat-dubbing-dispenser","8":"product_cat-dubbing","9":"product_tag-10-color","10":"product_tag-assortment","11":"product_tag-dispenser","12":"product_tag-dubbing","13":"product_tag-fine","14":"product_tag-ice","15":"product_tag-ice-dub","17":"first","18":"outofstock","19":"taxable","20":"shipping-taxable","21":"purchasable","22":"product-type-simple"},"jetpack_sharing_enabled":true,"brands":[{"id":1789,"name":"Sybai","slug":"sybai"}],"_links":{"self":[{"href":"https:\/\/tightline.ee\/et\/wp-json\/wp\/v2\/product\/12840","targetHints":{"allow":["GET"]}}],"collection":[{"href":"https:\/\/tightline.ee\/et\/wp-json\/wp\/v2\/product"}],"about":[{"href":"https:\/\/tightline.ee\/et\/wp-json\/wp\/v2\/types\/product"}],"wp:featuredmedia":[{"embeddable":true,"href":"https:\/\/tightline.ee\/et\/wp-json\/wp\/v2\/media\/12841"}],"wp:attachment":[{"href":"https:\/\/tightline.ee\/et\/wp-json\/wp\/v2\/media?parent=12840"}],"wp:term":[{"taxonomy":"pwb-brand","embeddable":true,"href":"https:\/\/tightline.ee\/et\/wp-json\/wp\/v2\/pwb-brand?post=12840"},{"taxonomy":"product_cat","embeddable":true,"href":"https:\/\/tightline.ee\/et\/wp-json\/wp\/v2\/product_cat?post=12840"},{"taxonomy":"product_tag","embeddable":true,"href":"https:\/\/tightline.ee\/et\/wp-json\/wp\/v2\/product_tag?post=12840"}],"curies":[{"name":"wp","href":"https:\/\/api.w.org\/{rel}","templated":true}]}}