{"id":12794,"date":"2023-02-09T13:45:30","date_gmt":"2023-02-09T11:45:30","guid":{"rendered":"https:\/\/tightline.ee\/?post_type=product&#038;p=12794"},"modified":"2024-06-06T22:51:54","modified_gmt":"2024-06-06T19:51:54","slug":"whitlocks-premium-pike-streamer-red-white","status":"publish","type":"product","link":"https:\/\/tightline.ee\/et\/toode\/whitlocks-premium-pike-streamer-red-white\/","title":{"rendered":"Whitlocks Premium Pike Streamer (red-white)"},"content":{"rendered":"<p>Konksu suurus 3\/0, Pikkus 15 cm<\/p>\n<p>N\u00f5uanne: kandke haugik\u00e4rbse p\u00e4he palju ujukainet.<br \/>\nSeej\u00e4rel p\u00fc\u00fcdke see kraanikausiga lend\u00f5ngega. Valamuotsik t\u00f5mbab k\u00e4rbse vee alla. Streimer \u00fcritab pinnale h\u00f5ljuda.<\/p>","protected":false},"excerpt":{"rendered":"<p>Konksu suurus 3\/0, Pikkus 15 cm N\u00f5uanne: kandke haugik\u00e4rbse p\u00e4he palju ujukainet. Seej\u00e4rel p\u00fc\u00fcdke see kraanikausiga lend\u00f5ngega. Valamuotsik t\u00f5mbab k\u00e4rbse<\/p>\n","protected":false},"featured_media":13657,"template":"","meta":[],"pwb-brand":[2580],"product_cat":[148],"product_tag":[2082,2080,2083,197,2258,2081,196],"class_list":{"0":"post-12794","1":"product","2":"type-product","3":"status-publish","4":"has-post-thumbnail","6":"pwb-brand-whitlock","7":"product_cat-pike-flies","8":"product_tag-ahven","9":"product_tag-bass","10":"product_tag-haug","11":"product_tag-pike","12":"product_tag-rat","13":"product_tag-2081","14":"product_tag-196","16":"first","17":"instock","18":"sale","19":"taxable","20":"shipping-taxable","21":"purchasable","22":"product-type-simple"},"jetpack_sharing_enabled":true,"brands":[{"id":2580,"name":"Whitlock","slug":"whitlock"}],"_links":{"self":[{"href":"https:\/\/tightline.ee\/et\/wp-json\/wp\/v2\/product\/12794","targetHints":{"allow":["GET"]}}],"collection":[{"href":"https:\/\/tightline.ee\/et\/wp-json\/wp\/v2\/product"}],"about":[{"href":"https:\/\/tightline.ee\/et\/wp-json\/wp\/v2\/types\/product"}],"wp:featuredmedia":[{"embeddable":true,"href":"https:\/\/tightline.ee\/et\/wp-json\/wp\/v2\/media\/13657"}],"wp:attachment":[{"href":"https:\/\/tightline.ee\/et\/wp-json\/wp\/v2\/media?parent=12794"}],"wp:term":[{"taxonomy":"pwb-brand","embeddable":true,"href":"https:\/\/tightline.ee\/et\/wp-json\/wp\/v2\/pwb-brand?post=12794"},{"taxonomy":"product_cat","embeddable":true,"href":"https:\/\/tightline.ee\/et\/wp-json\/wp\/v2\/product_cat?post=12794"},{"taxonomy":"product_tag","embeddable":true,"href":"https:\/\/tightline.ee\/et\/wp-json\/wp\/v2\/product_tag?post=12794"}],"curies":[{"name":"wp","href":"https:\/\/api.w.org\/{rel}","templated":true}]}}