{"id":12763,"date":"2023-01-30T11:44:25","date_gmt":"2023-01-30T09:44:25","guid":{"rendered":"https:\/\/tightline.ee\/?post_type=product&#038;p=12763"},"modified":"2026-01-12T15:44:08","modified_gmt":"2026-01-12T13:44:08","slug":"stripping-guards","status":"publish","type":"product","link":"https:\/\/tightline.ee\/et\/toode\/stripping-guards\/","title":{"rendered":"Stripimise valvurid"},"content":{"rendered":"<p>See praktiline s\u00f5rmekaitse aitab v\u00e4ltida p\u00f5letushaavade eemaldamist ja joonte l\u00f5ikeid. 3 tk pakis<\/p>","protected":false},"excerpt":{"rendered":"<p>See praktiline s\u00f5rmekaitse aitab v\u00e4ltida p\u00f5letushaavade eemaldamist ja joonte l\u00f5ikeid. 3 tk pakis<\/p>\n","protected":false},"featured_media":13531,"template":"","meta":[],"pwb-brand":[1137],"product_cat":[112,96],"product_tag":[2578,2579],"class_list":{"0":"post-12763","1":"product","2":"type-product","3":"status-publish","4":"has-post-thumbnail","6":"pwb-brand-traun-river","7":"product_cat-accesories-heitenoorid","8":"product_cat-accessories-for-fishing","9":"product_tag-stripping-guards","10":"product_tag-2579","12":"first","13":"instock","14":"taxable","15":"shipping-taxable","16":"purchasable","17":"product-type-simple"},"jetpack_sharing_enabled":true,"brands":[{"id":1137,"name":"Traun River","slug":"traun-river"}],"_links":{"self":[{"href":"https:\/\/tightline.ee\/et\/wp-json\/wp\/v2\/product\/12763","targetHints":{"allow":["GET"]}}],"collection":[{"href":"https:\/\/tightline.ee\/et\/wp-json\/wp\/v2\/product"}],"about":[{"href":"https:\/\/tightline.ee\/et\/wp-json\/wp\/v2\/types\/product"}],"wp:featuredmedia":[{"embeddable":true,"href":"https:\/\/tightline.ee\/et\/wp-json\/wp\/v2\/media\/13531"}],"wp:attachment":[{"href":"https:\/\/tightline.ee\/et\/wp-json\/wp\/v2\/media?parent=12763"}],"wp:term":[{"taxonomy":"pwb-brand","embeddable":true,"href":"https:\/\/tightline.ee\/et\/wp-json\/wp\/v2\/pwb-brand?post=12763"},{"taxonomy":"product_cat","embeddable":true,"href":"https:\/\/tightline.ee\/et\/wp-json\/wp\/v2\/product_cat?post=12763"},{"taxonomy":"product_tag","embeddable":true,"href":"https:\/\/tightline.ee\/et\/wp-json\/wp\/v2\/product_tag?post=12763"}],"curies":[{"name":"wp","href":"https:\/\/api.w.org\/{rel}","templated":true}]}}