{"id":12721,"date":"2022-11-28T14:54:04","date_gmt":"2022-11-28T12:54:04","guid":{"rendered":"https:\/\/tightline.ee\/?post_type=product&#038;p=12721"},"modified":"2024-11-27T17:33:02","modified_gmt":"2024-11-27T15:33:02","slug":"standard-wading-staff","status":"publish","type":"product","link":"https:\/\/tightline.ee\/et\/toode\/standard-wading-staff\/","title":{"rendered":"Kahlamisvarras"},"content":{"rendered":"<p>See mugav kahlamisvarras on valmistatud alumiiniumist ja sellel on mugav kummist k\u00e4epide. See on 120 cm pikk ja \u00fchendatud tugeva terastraadiga. Kahlamiskepi on 4 t\u00fckki ja see on kokkupandav. Standardne ots on volframotsik. Kaasa tuleb kummist ots ja \u00fcmmargune taldrik. Lisaks saate neopreenkoti k\u00fclge kinnitamiseks lokin\u00f6\u00f6ri<\/p>","protected":false},"excerpt":{"rendered":"<p>See mugav kahlamisvarras on valmistatud alumiiniumist ja sellel on mugav kummist k\u00e4epide. See on 120 cm pikk ja \u00fchendatud tugeva<\/p>\n","protected":false},"featured_media":13519,"template":"","meta":[],"pwb-brand":[1137],"product_cat":[117,96],"product_tag":[2575,2576,2577],"class_list":{"0":"post-12721","1":"product","2":"type-product","3":"status-publish","4":"has-post-thumbnail","6":"pwb-brand-traun-river","7":"product_cat-wading-accessories","8":"product_cat-accessories-for-fishing","9":"product_tag-kahlamisvarras","10":"product_tag-wading-stuff","11":"product_tag-2577","13":"first","14":"outofstock","15":"taxable","16":"shipping-taxable","17":"purchasable","18":"product-type-simple"},"jetpack_sharing_enabled":true,"brands":[{"id":1137,"name":"Traun River","slug":"traun-river"}],"_links":{"self":[{"href":"https:\/\/tightline.ee\/et\/wp-json\/wp\/v2\/product\/12721","targetHints":{"allow":["GET"]}}],"collection":[{"href":"https:\/\/tightline.ee\/et\/wp-json\/wp\/v2\/product"}],"about":[{"href":"https:\/\/tightline.ee\/et\/wp-json\/wp\/v2\/types\/product"}],"wp:featuredmedia":[{"embeddable":true,"href":"https:\/\/tightline.ee\/et\/wp-json\/wp\/v2\/media\/13519"}],"wp:attachment":[{"href":"https:\/\/tightline.ee\/et\/wp-json\/wp\/v2\/media?parent=12721"}],"wp:term":[{"taxonomy":"pwb-brand","embeddable":true,"href":"https:\/\/tightline.ee\/et\/wp-json\/wp\/v2\/pwb-brand?post=12721"},{"taxonomy":"product_cat","embeddable":true,"href":"https:\/\/tightline.ee\/et\/wp-json\/wp\/v2\/product_cat?post=12721"},{"taxonomy":"product_tag","embeddable":true,"href":"https:\/\/tightline.ee\/et\/wp-json\/wp\/v2\/product_tag?post=12721"}],"curies":[{"name":"wp","href":"https:\/\/api.w.org\/{rel}","templated":true}]}}