{"id":12661,"date":"2022-11-02T13:29:51","date_gmt":"2022-11-02T11:29:51","guid":{"rendered":"https:\/\/tightline.ee\/?post_type=product&#038;p=12661"},"modified":"2026-02-01T14:30:35","modified_gmt":"2026-02-01T12:30:35","slug":"patagonia-mens-swiftcurrent-wading-jacket","status":"publish","type":"product","link":"https:\/\/tightline.ee\/et\/toode\/patagonia-mens-swiftcurrent-wading-jacket\/","title":{"rendered":"Patagonia Men&#8217;s Swiftcurrent\u2122 Wading Jacket"},"content":{"rendered":"<p>4-kihiline H2No\u2122 Performance Standard 100% taaskasutatud nailonist kest, millel on 15-denjeeline \u00fcmmarguse silmkoeline sileda trikoo tugi, mis lisab mugavust ja j\u00f5udlust, veekindel\/hingav barj\u00e4\u00e4r ja PFC-vaba DWR-viimistlus (vastupidav vetth\u00fclgav kate, mis ei sisalda perfluoritud kemikaalid)<\/p>","protected":false},"excerpt":{"rendered":"<p>4-kihiline H2No\u2122 Performance Standard 100% taaskasutatud nailonist kest, millel on 15-denjeeline \u00fcmmarguse silmkoeline sileda trikoo tugi, mis lisab mugavust ja<\/p>\n","protected":false},"featured_media":14166,"template":"","meta":[],"pwb-brand":[293],"product_cat":[127],"product_tag":[418,413,326,2574],"class_list":{"0":"post-12661","1":"product","2":"type-product","3":"status-publish","4":"has-post-thumbnail","6":"pwb-brand-patagonia","7":"product_cat-jacket","8":"product_tag-fishing-jacket","9":"product_tag-jacket","10":"product_tag-patagonia","11":"product_tag-swiftcurrent","13":"first","14":"outofstock","15":"taxable","16":"shipping-taxable","17":"product-type-variable"},"jetpack_sharing_enabled":true,"brands":[{"id":293,"name":"Patagonia","slug":"patagonia"}],"_links":{"self":[{"href":"https:\/\/tightline.ee\/et\/wp-json\/wp\/v2\/product\/12661","targetHints":{"allow":["GET"]}}],"collection":[{"href":"https:\/\/tightline.ee\/et\/wp-json\/wp\/v2\/product"}],"about":[{"href":"https:\/\/tightline.ee\/et\/wp-json\/wp\/v2\/types\/product"}],"wp:featuredmedia":[{"embeddable":true,"href":"https:\/\/tightline.ee\/et\/wp-json\/wp\/v2\/media\/14166"}],"wp:attachment":[{"href":"https:\/\/tightline.ee\/et\/wp-json\/wp\/v2\/media?parent=12661"}],"wp:term":[{"taxonomy":"pwb-brand","embeddable":true,"href":"https:\/\/tightline.ee\/et\/wp-json\/wp\/v2\/pwb-brand?post=12661"},{"taxonomy":"product_cat","embeddable":true,"href":"https:\/\/tightline.ee\/et\/wp-json\/wp\/v2\/product_cat?post=12661"},{"taxonomy":"product_tag","embeddable":true,"href":"https:\/\/tightline.ee\/et\/wp-json\/wp\/v2\/product_tag?post=12661"}],"curies":[{"name":"wp","href":"https:\/\/api.w.org\/{rel}","templated":true}]}}