{"id":12559,"date":"2022-08-25T20:08:07","date_gmt":"2022-08-25T17:08:07","guid":{"rendered":"https:\/\/tightline.ee\/?post_type=product&#038;p=12559"},"modified":"2024-04-29T18:58:36","modified_gmt":"2024-04-29T15:58:36","slug":"oval-tippet-rings","status":"publish","type":"product","link":"https:\/\/tightline.ee\/et\/toode\/oval-tippet-rings\/","title":{"rendered":"Ovaalsed r\u00f5ngad"},"content":{"rendered":"<p>l\u00e4bim\u00f5\u00f5t 3,2 mm. tugevus 15 kg. 10 pcs in pack<\/p>","protected":false},"excerpt":{"rendered":"<p>l\u00e4bim\u00f5\u00f5t 3,2 mm. tugevus 15 kg. 10 pcs in pack<\/p>\n","protected":false},"featured_media":13533,"template":"","meta":[],"pwb-brand":[1137],"product_cat":[112,86,96],"product_tag":[271,272,273,274],"class_list":{"0":"post-12559","1":"product","2":"type-product","3":"status-publish","4":"has-post-thumbnail","6":"pwb-brand-traun-river","7":"product_cat-accesories-heitenoorid","8":"product_cat-tippet","9":"product_cat-accessories-for-fishing","10":"product_tag-tippet-rings","11":"product_tag-272","12":"product_tag-273","13":"product_tag-274","15":"first","16":"instock","17":"taxable","18":"shipping-taxable","19":"purchasable","20":"product-type-simple"},"jetpack_sharing_enabled":true,"brands":[{"id":1137,"name":"Traun River","slug":"traun-river"}],"_links":{"self":[{"href":"https:\/\/tightline.ee\/et\/wp-json\/wp\/v2\/product\/12559","targetHints":{"allow":["GET"]}}],"collection":[{"href":"https:\/\/tightline.ee\/et\/wp-json\/wp\/v2\/product"}],"about":[{"href":"https:\/\/tightline.ee\/et\/wp-json\/wp\/v2\/types\/product"}],"wp:featuredmedia":[{"embeddable":true,"href":"https:\/\/tightline.ee\/et\/wp-json\/wp\/v2\/media\/13533"}],"wp:attachment":[{"href":"https:\/\/tightline.ee\/et\/wp-json\/wp\/v2\/media?parent=12559"}],"wp:term":[{"taxonomy":"pwb-brand","embeddable":true,"href":"https:\/\/tightline.ee\/et\/wp-json\/wp\/v2\/pwb-brand?post=12559"},{"taxonomy":"product_cat","embeddable":true,"href":"https:\/\/tightline.ee\/et\/wp-json\/wp\/v2\/product_cat?post=12559"},{"taxonomy":"product_tag","embeddable":true,"href":"https:\/\/tightline.ee\/et\/wp-json\/wp\/v2\/product_tag?post=12559"}],"curies":[{"name":"wp","href":"https:\/\/api.w.org\/{rel}","templated":true}]}}