{"id":12385,"date":"2022-04-30T14:07:19","date_gmt":"2022-04-30T11:07:19","guid":{"rendered":"https:\/\/tightline.ee\/?post_type=product&#038;p=12385"},"modified":"2023-02-02T14:08:47","modified_gmt":"2023-02-02T12:08:47","slug":"simms-freestone-stockingfoot","status":"publish","type":"product","link":"https:\/\/tightline.ee\/et\/toode\/simms-freestone-stockingfoot\/","title":{"rendered":"Simms Freestone Z Stockingfoot"},"content":{"rendered":"<p>Neljakihiline Toray\u00ae QuadraLam\u2122 veekindel, hingav laminaat<br \/>\nT\u00f5mblukuga k\u00e4rbselapiga rinnatasku<br \/>\nViis v\u00f6\u00f6aasa 38mm nailonist v\u00f6\u00f6rihmaga<br \/>\nKohandatud Duraflex pandlad kogu ulatuses<br \/>\nNeopreenist kruusakaitse<br \/>\nAnatoomiliselt kujundatud neopreenist sukkade jalad antimikroobse viimistlusega<\/p>","protected":false},"excerpt":{"rendered":"<p>Neljakihiline Toray\u00ae QuadraLam\u2122 veekindel, hingav laminaat T\u00f5mblukuga k\u00e4rbselapiga rinnatasku Viis v\u00f6\u00f6aasa 38mm nailonist v\u00f6\u00f6rihmaga Kohandatud Duraflex pandlad kogu ulatuses Neopreenist<\/p>\n","protected":false},"featured_media":0,"template":"","meta":[],"pwb-brand":[333],"product_cat":[172],"product_tag":[2435,350,321,2437,330,325,323,322,324],"class_list":{"0":"post-12385","1":"product","2":"type-product","3":"status-publish","5":"pwb-brand-simms","6":"product_cat-waders","7":"product_tag-freestone","8":"product_tag-simms","9":"product_tag-waders","10":"product_tag-zip","11":"product_tag-zipper","12":"product_tag-325","13":"product_tag-323","14":"product_tag-322","15":"product_tag-324","17":"first","18":"onbackorder","19":"taxable","20":"shipping-taxable","21":"purchasable","22":"product-type-variable"},"jetpack_sharing_enabled":true,"brands":[{"id":333,"name":"Simms","slug":"simms"}],"_links":{"self":[{"href":"https:\/\/tightline.ee\/et\/wp-json\/wp\/v2\/product\/12385","targetHints":{"allow":["GET"]}}],"collection":[{"href":"https:\/\/tightline.ee\/et\/wp-json\/wp\/v2\/product"}],"about":[{"href":"https:\/\/tightline.ee\/et\/wp-json\/wp\/v2\/types\/product"}],"wp:attachment":[{"href":"https:\/\/tightline.ee\/et\/wp-json\/wp\/v2\/media?parent=12385"}],"wp:term":[{"taxonomy":"pwb-brand","embeddable":true,"href":"https:\/\/tightline.ee\/et\/wp-json\/wp\/v2\/pwb-brand?post=12385"},{"taxonomy":"product_cat","embeddable":true,"href":"https:\/\/tightline.ee\/et\/wp-json\/wp\/v2\/product_cat?post=12385"},{"taxonomy":"product_tag","embeddable":true,"href":"https:\/\/tightline.ee\/et\/wp-json\/wp\/v2\/product_tag?post=12385"}],"curies":[{"name":"wp","href":"https:\/\/api.w.org\/{rel}","templated":true}]}}