{"id":12359,"date":"2022-03-24T14:06:32","date_gmt":"2022-03-24T12:06:32","guid":{"rendered":"https:\/\/tightline.ee\/?post_type=product&#038;p=12359"},"modified":"2026-04-05T15:15:02","modified_gmt":"2026-04-05T12:15:02","slug":"patagonia-forra-wading-boots","status":"publish","type":"product","link":"https:\/\/tightline.ee\/et\/toode\/patagonia-forra-wading-boots\/","title":{"rendered":"Patagonia  Forra Wading Boots"},"content":{"rendered":"<p>Rajale ja j\u00f5ele m\u00f5eldud Forra kahlamissaapad on kerged ilma j\u00f5udlust ohverdamata. Nendel saapadel on veoj\u00f5u ja haarduvuse tagamiseks Vibram\u00ae Marsi tallatehnoloogia, k\u00f5rge pahkluu, tugev ninaosa ja reguleeritav, mittes\u00f6\u00f6vitav n\u00f6\u00f6ris\u00fcsteem, mis tagavad toestuse ja vastupidavuse.<\/p>","protected":false},"excerpt":{"rendered":"<p>Rajale ja j\u00f5ele m\u00f5eldud Forra kahlamissaapad on kerged ilma j\u00f5udlust ohverdamata. Nendel saapadel on veoj\u00f5u ja haarduvuse tagamiseks Vibram\u00ae Marsi<\/p>\n","protected":false},"featured_media":13514,"template":"","meta":[],"pwb-brand":[293],"product_cat":[87],"product_tag":[359,326,668,361,360,362,363],"class_list":{"0":"post-12359","1":"product","2":"type-product","3":"status-publish","4":"has-post-thumbnail","6":"pwb-brand-patagonia","7":"product_cat-wading-boots","8":"product_tag-boots","9":"product_tag-patagonia","10":"product_tag-rubber","11":"product_tag-vibram","12":"product_tag-wading","13":"product_tag-362","14":"product_tag-363","16":"first","17":"instock","18":"taxable","19":"shipping-taxable","20":"purchasable","21":"product-type-variable"},"jetpack_sharing_enabled":true,"brands":[{"id":293,"name":"Patagonia","slug":"patagonia"}],"_links":{"self":[{"href":"https:\/\/tightline.ee\/et\/wp-json\/wp\/v2\/product\/12359","targetHints":{"allow":["GET"]}}],"collection":[{"href":"https:\/\/tightline.ee\/et\/wp-json\/wp\/v2\/product"}],"about":[{"href":"https:\/\/tightline.ee\/et\/wp-json\/wp\/v2\/types\/product"}],"wp:featuredmedia":[{"embeddable":true,"href":"https:\/\/tightline.ee\/et\/wp-json\/wp\/v2\/media\/13514"}],"wp:attachment":[{"href":"https:\/\/tightline.ee\/et\/wp-json\/wp\/v2\/media?parent=12359"}],"wp:term":[{"taxonomy":"pwb-brand","embeddable":true,"href":"https:\/\/tightline.ee\/et\/wp-json\/wp\/v2\/pwb-brand?post=12359"},{"taxonomy":"product_cat","embeddable":true,"href":"https:\/\/tightline.ee\/et\/wp-json\/wp\/v2\/product_cat?post=12359"},{"taxonomy":"product_tag","embeddable":true,"href":"https:\/\/tightline.ee\/et\/wp-json\/wp\/v2\/product_tag?post=12359"}],"curies":[{"name":"wp","href":"https:\/\/api.w.org\/{rel}","templated":true}]}}